{"id":21411,"date":"2022-06-03T19:34:19","date_gmt":"2022-06-03T19:34:19","guid":{"rendered":"https:\/\/mariedelage.com\/que-es-losteopatia\/"},"modified":"2022-08-03T11:58:43","modified_gmt":"2022-08-03T11:58:43","slug":"que-es-losteopatia","status":"publish","type":"page","link":"https:\/\/mariedelage.com\/ca\/que-es-losteopatia\/","title":{"rendered":"Qu\u00e8 \u00e9s l&#8217;osteopatia?"},"content":{"rendered":"\t\t<div data-elementor-type=\"wp-page\" data-elementor-id=\"21411\" class=\"elementor elementor-21411 elementor-20662\">\n\t\t\t\t\t\t<section class=\"elementor-section elementor-top-section elementor-element elementor-element-74646f7 elementor-section-boxed elementor-section-height-default elementor-section-height-default sc_fly_static\" data-id=\"74646f7\" data-element_type=\"section\" data-e-type=\"section\">\n\t\t\t\t\t\t<div class=\"elementor-container elementor-column-gap-extended\">\n\t\t\t\t\t<div class=\"elementor-column elementor-col-100 elementor-top-column elementor-element elementor-element-d562d96 sc_content_align_inherit sc_layouts_column_icons_position_left sc_fly_static\" data-id=\"d562d96\" data-element_type=\"column\" data-e-type=\"column\">\n\t\t\t<div class=\"elementor-widget-wrap elementor-element-populated\">\n\t\t\t\t\t\t<div class=\"elementor-element elementor-element-e3db448 sc_fly_static elementor-widget elementor-widget-trx_sc_title\" data-id=\"e3db448\" data-element_type=\"widget\" data-e-type=\"widget\" data-widget_type=\"trx_sc_title.default\">\n\t\t\t\t<div class=\"elementor-widget-container\">\n\t\t\t\t\t<div\t\tclass=\"sc_title sc_title_accent\" ><h1 class=\"sc_item_title sc_title_title sc_align_center sc_item_title_style_accent sc_item_title_tag\"\n\t\t\t><span class=\"sc_item_title_text\">Qu\u00e8 \u00e9s l'osteopatia?<\/span><\/h1><div class=\"sc_item_descr sc_title_descr sc_align_center\"><p>L'osteopatia \u00e9s una ter\u00e0pia manual hol\u00edstica, cosa que significa que l'oste\u00f2pata veu el pacient en la seva globalitat f\u00edsica, psicol\u00f2gica i emocional.<\/p>\n<\/div><\/div>\t\t\t\t<\/div>\n\t\t\t\t<\/div>\n\t\t\t\t\t<\/div>\n\t\t<\/div>\n\t\t\t\t\t<\/div>\n\t\t<\/section>\n\t\t\t\t<section class=\"elementor-section elementor-top-section elementor-element elementor-element-0cabe11 elementor-section-boxed elementor-section-height-default elementor-section-height-default sc_fly_static\" data-id=\"0cabe11\" data-element_type=\"section\" data-e-type=\"section\">\n\t\t\t\t\t\t<div class=\"elementor-container elementor-column-gap-extended\">\n\t\t\t\t\t<div class=\"elementor-column elementor-col-50 elementor-top-column elementor-element elementor-element-df9b7a1 sc_content_align_inherit sc_layouts_column_icons_position_left sc_fly_static\" data-id=\"df9b7a1\" data-element_type=\"column\" data-e-type=\"column\">\n\t\t\t<div class=\"elementor-widget-wrap elementor-element-populated\">\n\t\t\t\t\t\t<div class=\"elementor-element elementor-element-6c57e05 sc_fly_static elementor-widget elementor-widget-spacer\" data-id=\"6c57e05\" data-element_type=\"widget\" data-e-type=\"widget\" data-widget_type=\"spacer.default\">\n\t\t\t\t<div class=\"elementor-widget-container\">\n\t\t\t\t\t\t\t<div class=\"elementor-spacer\">\n\t\t\t<div class=\"elementor-spacer-inner\"><\/div>\n\t\t<\/div>\n\t\t\t\t\t\t<\/div>\n\t\t\t\t<\/div>\n\t\t\t\t<div class=\"elementor-element elementor-element-1da3c51 sc_fly_static elementor-widget elementor-widget-image\" data-id=\"1da3c51\" data-element_type=\"widget\" data-e-type=\"widget\" data-widget_type=\"image.default\">\n\t\t\t\t<div class=\"elementor-widget-container\">\n\t\t\t\t\t\t\t\t\t\t\t\t\t\t\t<img fetchpriority=\"high\" decoding=\"async\" width=\"768\" height=\"1024\" src=\"https:\/\/mariedelage.com\/wp-content\/uploads\/2022\/06\/que-es-osteopatia-768x1024.jpeg\" class=\"attachment-large size-large wp-image-21124\" alt=\"T\u00e9cnica osteop\u00e1tica suave para mejorar movilidad cervical y reducir dolor cr\u00f3nico\" srcset=\"https:\/\/mariedelage.com\/wp-content\/uploads\/2022\/06\/que-es-osteopatia-768x1024.jpeg 768w, https:\/\/mariedelage.com\/wp-content\/uploads\/2022\/06\/que-es-osteopatia-225x300.jpeg 225w, https:\/\/mariedelage.com\/wp-content\/uploads\/2022\/06\/que-es-osteopatia-370x493.jpeg 370w, https:\/\/mariedelage.com\/wp-content\/uploads\/2022\/06\/que-es-osteopatia-840x1121.jpeg 840w, https:\/\/mariedelage.com\/wp-content\/uploads\/2022\/06\/que-es-osteopatia-410x547.jpeg 410w, https:\/\/mariedelage.com\/wp-content\/uploads\/2022\/06\/que-es-osteopatia.jpeg 1072w\" sizes=\"(max-width: 768px) 100vw, 768px\" \/>\t\t\t\t\t\t\t\t\t\t\t\t\t\t\t<\/div>\n\t\t\t\t<\/div>\n\t\t\t\t\t<\/div>\n\t\t<\/div>\n\t\t\t\t<div class=\"elementor-column elementor-col-50 elementor-top-column elementor-element elementor-element-5a10a71 sc_content_align_inherit sc_layouts_column_icons_position_left sc_fly_static\" data-id=\"5a10a71\" data-element_type=\"column\" data-e-type=\"column\">\n\t\t\t<div class=\"elementor-widget-wrap elementor-element-populated\">\n\t\t\t\t\t\t<div class=\"elementor-element elementor-element-6eea014 sc_fly_static elementor-widget elementor-widget-spacer\" data-id=\"6eea014\" data-element_type=\"widget\" data-e-type=\"widget\" data-widget_type=\"spacer.default\">\n\t\t\t\t<div class=\"elementor-widget-container\">\n\t\t\t\t\t\t\t<div class=\"elementor-spacer\">\n\t\t\t<div class=\"elementor-spacer-inner\"><\/div>\n\t\t<\/div>\n\t\t\t\t\t\t<\/div>\n\t\t\t\t<\/div>\n\t\t\t\t<div class=\"elementor-element elementor-element-34e79dd sc_fly_static elementor-widget elementor-widget-text-editor\" data-id=\"34e79dd\" data-element_type=\"widget\" data-e-type=\"widget\" data-widget_type=\"text-editor.default\">\n\t\t\t\t<div class=\"elementor-widget-container\">\n\t\t\t\t\t\t\t\t\t<p>El cos es considera com un tot, cada part poden influir en les altres. Per aix\u00f2, es d\u00f3na una gran import\u00e0ncia a la hist\u00f2ria del pacient i a les lesions o malalties pr\u00e8vies que han pogut crear un desequilibri al cos.<\/p><p>El cos t\u00e9 una gran capacitat adaptativa i sempre tendeix cap a la salut. L&#8217;oste\u00f2pata busca alliberar els bloquejos i restriccions al cos, per ajudar-lo a recuperar el seu equilibri i restablir l<strong>&#8216;home\u00f2stasi<\/strong> (capacitat del cos per autorregular-se).<\/p><p><br>El tractament osteop\u00e0tic consisteix a tractar les <strong>disfuncions de mobilitat<\/strong>de la columna vertebral, les articulacions, el sistema muscular, les v\u00edsceres, el crani. Busca recuperar l&#8217;equilibri corporal, reactivant-ne els <strong>mecanismes d&#8217;autocuraci\u00f3<\/strong> amb diverses t\u00e8cniques terap\u00e8utiques: manipulacions articulars i musculars, t\u00e8cniques funcionals, viscerals i cranials.<br><br>Cap tractament \u00e9s igual a un altre i cal seguir sempre un enfocament personal \u00fanic.<br><br>L&#8217;<strong>osteopatia<\/strong> tracta de comprendre les disfuncions del cos hum\u00e0 de manera l\u00f2gica, aportant una explicaci\u00f3 a cada disfunci\u00f3.<br><br>Per aix\u00f2 es realitza un diagn\u00f2stic osteop\u00e0tic del pacient, que permeti determinar <strong>les causes<\/strong> que produeixen la lesi\u00f3 o el problema. L&#8217;osteopatia no tracta nom\u00e9s el s\u00edmptoma (el dolor), sin\u00f3 que va m\u00e9s profund, indagant a corregir l&#8217;origen del problema.<\/p>\t\t\t\t\t\t\t\t<\/div>\n\t\t\t\t<\/div>\n\t\t\t\t\t<\/div>\n\t\t<\/div>\n\t\t\t\t\t<\/div>\n\t\t<\/section>\n\t\t\t\t<\/div>\n\t\t","protected":false},"excerpt":{"rendered":"<p>Qu\u00e8 \u00e9s l&#8217;osteopatia? L&#8217;osteopatia \u00e9s una ter\u00e0pia manual hol\u00edstica, cosa que significa que l&#8217;oste\u00f2pata veu el pacient en la seva globalitat f\u00edsica, psicol\u00f2gica i emocional. El cos es considera com&hellip;<\/p>\n","protected":false},"author":1,"featured_media":0,"parent":0,"menu_order":0,"comment_status":"closed","ping_status":"closed","template":"","meta":{"footnotes":""},"class_list":["post-21411","page","type-page","status-publish","hentry"],"yoast_head":"<!-- This site is optimized with the Yoast SEO plugin v27.4 - https:\/\/yoast.com\/product\/yoast-seo-wordpress\/ -->\n<title>Qu\u00e8 \u00e9s l&#039;osteopatia? - Marie Delage - Osteopat\u00eda<\/title>\n<meta name=\"robots\" content=\"index, follow, max-snippet:-1, max-image-preview:large, max-video-preview:-1\" \/>\n<link rel=\"canonical\" href=\"https:\/\/mariedelage.com\/ca\/que-es-losteopatia\/\" \/>\n<meta property=\"og:locale\" content=\"ca_ES\" \/>\n<meta property=\"og:type\" content=\"article\" \/>\n<meta property=\"og:title\" content=\"Qu\u00e8 \u00e9s l&#039;osteopatia? - Marie Delage - Osteopat\u00eda\" \/>\n<meta property=\"og:description\" content=\"Qu\u00e8 \u00e9s l&#8217;osteopatia? L&#8217;osteopatia \u00e9s una ter\u00e0pia manual hol\u00edstica, cosa que significa que l&#8217;oste\u00f2pata veu el pacient en la seva globalitat f\u00edsica, psicol\u00f2gica i emocional. El cos es considera com&hellip;\" \/>\n<meta property=\"og:url\" content=\"https:\/\/mariedelage.com\/ca\/que-es-losteopatia\/\" \/>\n<meta property=\"og:site_name\" content=\"Marie Delage - Osteopat\u00eda\" \/>\n<meta property=\"article:modified_time\" content=\"2022-08-03T11:58:43+00:00\" \/>\n<meta property=\"og:image\" content=\"https:\/\/mariedelage.com\/wp-content\/uploads\/2022\/06\/que-es-osteopatia.jpeg\" \/>\n\t<meta property=\"og:image:width\" content=\"1072\" \/>\n\t<meta property=\"og:image:height\" content=\"1430\" \/>\n\t<meta property=\"og:image:type\" content=\"image\/jpeg\" \/>\n<meta name=\"twitter:card\" content=\"summary_large_image\" \/>\n<meta name=\"twitter:label1\" content=\"Temps estimat de lectura\" \/>\n\t<meta name=\"twitter:data1\" content=\"1 minut\" \/>\n<script type=\"application\/ld+json\" class=\"yoast-schema-graph\">{\"@context\":\"https:\\\/\\\/schema.org\",\"@graph\":[{\"@type\":\"WebPage\",\"@id\":\"https:\\\/\\\/mariedelage.com\\\/ca\\\/que-es-losteopatia\\\/\",\"url\":\"https:\\\/\\\/mariedelage.com\\\/ca\\\/que-es-losteopatia\\\/\",\"name\":\"Qu\u00e8 \u00e9s l'osteopatia? - Marie Delage - Osteopat\u00eda\",\"isPartOf\":{\"@id\":\"https:\\\/\\\/mariedelage.com\\\/#website\"},\"primaryImageOfPage\":{\"@id\":\"https:\\\/\\\/mariedelage.com\\\/ca\\\/que-es-losteopatia\\\/#primaryimage\"},\"image\":{\"@id\":\"https:\\\/\\\/mariedelage.com\\\/ca\\\/que-es-losteopatia\\\/#primaryimage\"},\"thumbnailUrl\":\"https:\\\/\\\/mariedelage.com\\\/wp-content\\\/uploads\\\/2022\\\/06\\\/que-es-osteopatia-768x1024.jpeg\",\"datePublished\":\"2022-06-03T19:34:19+00:00\",\"dateModified\":\"2022-08-03T11:58:43+00:00\",\"breadcrumb\":{\"@id\":\"https:\\\/\\\/mariedelage.com\\\/ca\\\/que-es-losteopatia\\\/#breadcrumb\"},\"inLanguage\":\"ca\",\"potentialAction\":[{\"@type\":\"ReadAction\",\"target\":[\"https:\\\/\\\/mariedelage.com\\\/ca\\\/que-es-losteopatia\\\/\"]}]},{\"@type\":\"ImageObject\",\"inLanguage\":\"ca\",\"@id\":\"https:\\\/\\\/mariedelage.com\\\/ca\\\/que-es-losteopatia\\\/#primaryimage\",\"url\":\"https:\\\/\\\/mariedelage.com\\\/wp-content\\\/uploads\\\/2022\\\/06\\\/que-es-osteopatia-768x1024.jpeg\",\"contentUrl\":\"https:\\\/\\\/mariedelage.com\\\/wp-content\\\/uploads\\\/2022\\\/06\\\/que-es-osteopatia-768x1024.jpeg\"},{\"@type\":\"BreadcrumbList\",\"@id\":\"https:\\\/\\\/mariedelage.com\\\/ca\\\/que-es-losteopatia\\\/#breadcrumb\",\"itemListElement\":[{\"@type\":\"ListItem\",\"position\":1,\"name\":\"Portada\",\"item\":\"https:\\\/\\\/mariedelage.com\\\/ca\\\/\"},{\"@type\":\"ListItem\",\"position\":2,\"name\":\"Qu\u00e8 \u00e9s l&#8217;osteopatia?\"}]},{\"@type\":\"WebSite\",\"@id\":\"https:\\\/\\\/mariedelage.com\\\/#website\",\"url\":\"https:\\\/\\\/mariedelage.com\\\/\",\"name\":\"Marie Delage - Osteopat\u00eda\",\"description\":\"Consulta de Osteopat\u00eda en Barcelona\",\"publisher\":{\"@id\":\"https:\\\/\\\/mariedelage.com\\\/#organization\"},\"potentialAction\":[{\"@type\":\"SearchAction\",\"target\":{\"@type\":\"EntryPoint\",\"urlTemplate\":\"https:\\\/\\\/mariedelage.com\\\/?s={search_term_string}\"},\"query-input\":{\"@type\":\"PropertyValueSpecification\",\"valueRequired\":true,\"valueName\":\"search_term_string\"}}],\"inLanguage\":\"ca\"},{\"@type\":\"Organization\",\"@id\":\"https:\\\/\\\/mariedelage.com\\\/#organization\",\"name\":\"Marie Delage - Osteopat\u00eda\",\"url\":\"https:\\\/\\\/mariedelage.com\\\/\",\"logo\":{\"@type\":\"ImageObject\",\"inLanguage\":\"ca\",\"@id\":\"https:\\\/\\\/mariedelage.com\\\/#\\\/schema\\\/logo\\\/image\\\/\",\"url\":\"https:\\\/\\\/mariedelage.com\\\/wp-content\\\/uploads\\\/2022\\\/06\\\/logo-marie-delage-1.png\",\"contentUrl\":\"https:\\\/\\\/mariedelage.com\\\/wp-content\\\/uploads\\\/2022\\\/06\\\/logo-marie-delage-1.png\",\"width\":691,\"height\":132,\"caption\":\"Marie Delage - Osteopat\u00eda\"},\"image\":{\"@id\":\"https:\\\/\\\/mariedelage.com\\\/#\\\/schema\\\/logo\\\/image\\\/\"}}]}<\/script>\n<!-- \/ Yoast SEO plugin. -->","yoast_head_json":{"title":"Qu\u00e8 \u00e9s l'osteopatia? - Marie Delage - Osteopat\u00eda","robots":{"index":"index","follow":"follow","max-snippet":"max-snippet:-1","max-image-preview":"max-image-preview:large","max-video-preview":"max-video-preview:-1"},"canonical":"https:\/\/mariedelage.com\/ca\/que-es-losteopatia\/","og_locale":"ca_ES","og_type":"article","og_title":"Qu\u00e8 \u00e9s l'osteopatia? - Marie Delage - Osteopat\u00eda","og_description":"Qu\u00e8 \u00e9s l&#8217;osteopatia? L&#8217;osteopatia \u00e9s una ter\u00e0pia manual hol\u00edstica, cosa que significa que l&#8217;oste\u00f2pata veu el pacient en la seva globalitat f\u00edsica, psicol\u00f2gica i emocional. El cos es considera com&hellip;","og_url":"https:\/\/mariedelage.com\/ca\/que-es-losteopatia\/","og_site_name":"Marie Delage - Osteopat\u00eda","article_modified_time":"2022-08-03T11:58:43+00:00","og_image":[{"width":1072,"height":1430,"url":"https:\/\/mariedelage.com\/wp-content\/uploads\/2022\/06\/que-es-osteopatia.jpeg","type":"image\/jpeg"}],"twitter_card":"summary_large_image","twitter_misc":{"Temps estimat de lectura":"1 minut"},"schema":{"@context":"https:\/\/schema.org","@graph":[{"@type":"WebPage","@id":"https:\/\/mariedelage.com\/ca\/que-es-losteopatia\/","url":"https:\/\/mariedelage.com\/ca\/que-es-losteopatia\/","name":"Qu\u00e8 \u00e9s l'osteopatia? - Marie Delage - Osteopat\u00eda","isPartOf":{"@id":"https:\/\/mariedelage.com\/#website"},"primaryImageOfPage":{"@id":"https:\/\/mariedelage.com\/ca\/que-es-losteopatia\/#primaryimage"},"image":{"@id":"https:\/\/mariedelage.com\/ca\/que-es-losteopatia\/#primaryimage"},"thumbnailUrl":"https:\/\/mariedelage.com\/wp-content\/uploads\/2022\/06\/que-es-osteopatia-768x1024.jpeg","datePublished":"2022-06-03T19:34:19+00:00","dateModified":"2022-08-03T11:58:43+00:00","breadcrumb":{"@id":"https:\/\/mariedelage.com\/ca\/que-es-losteopatia\/#breadcrumb"},"inLanguage":"ca","potentialAction":[{"@type":"ReadAction","target":["https:\/\/mariedelage.com\/ca\/que-es-losteopatia\/"]}]},{"@type":"ImageObject","inLanguage":"ca","@id":"https:\/\/mariedelage.com\/ca\/que-es-losteopatia\/#primaryimage","url":"https:\/\/mariedelage.com\/wp-content\/uploads\/2022\/06\/que-es-osteopatia-768x1024.jpeg","contentUrl":"https:\/\/mariedelage.com\/wp-content\/uploads\/2022\/06\/que-es-osteopatia-768x1024.jpeg"},{"@type":"BreadcrumbList","@id":"https:\/\/mariedelage.com\/ca\/que-es-losteopatia\/#breadcrumb","itemListElement":[{"@type":"ListItem","position":1,"name":"Portada","item":"https:\/\/mariedelage.com\/ca\/"},{"@type":"ListItem","position":2,"name":"Qu\u00e8 \u00e9s l&#8217;osteopatia?"}]},{"@type":"WebSite","@id":"https:\/\/mariedelage.com\/#website","url":"https:\/\/mariedelage.com\/","name":"Marie Delage - Osteopat\u00eda","description":"Consulta de Osteopat\u00eda en Barcelona","publisher":{"@id":"https:\/\/mariedelage.com\/#organization"},"potentialAction":[{"@type":"SearchAction","target":{"@type":"EntryPoint","urlTemplate":"https:\/\/mariedelage.com\/?s={search_term_string}"},"query-input":{"@type":"PropertyValueSpecification","valueRequired":true,"valueName":"search_term_string"}}],"inLanguage":"ca"},{"@type":"Organization","@id":"https:\/\/mariedelage.com\/#organization","name":"Marie Delage - Osteopat\u00eda","url":"https:\/\/mariedelage.com\/","logo":{"@type":"ImageObject","inLanguage":"ca","@id":"https:\/\/mariedelage.com\/#\/schema\/logo\/image\/","url":"https:\/\/mariedelage.com\/wp-content\/uploads\/2022\/06\/logo-marie-delage-1.png","contentUrl":"https:\/\/mariedelage.com\/wp-content\/uploads\/2022\/06\/logo-marie-delage-1.png","width":691,"height":132,"caption":"Marie Delage - Osteopat\u00eda"},"image":{"@id":"https:\/\/mariedelage.com\/#\/schema\/logo\/image\/"}}]}},"_links":{"self":[{"href":"https:\/\/mariedelage.com\/ca\/wp-json\/wp\/v2\/pages\/21411","targetHints":{"allow":["GET"]}}],"collection":[{"href":"https:\/\/mariedelage.com\/ca\/wp-json\/wp\/v2\/pages"}],"about":[{"href":"https:\/\/mariedelage.com\/ca\/wp-json\/wp\/v2\/types\/page"}],"author":[{"embeddable":true,"href":"https:\/\/mariedelage.com\/ca\/wp-json\/wp\/v2\/users\/1"}],"replies":[{"embeddable":true,"href":"https:\/\/mariedelage.com\/ca\/wp-json\/wp\/v2\/comments?post=21411"}],"version-history":[{"count":1,"href":"https:\/\/mariedelage.com\/ca\/wp-json\/wp\/v2\/pages\/21411\/revisions"}],"predecessor-version":[{"id":21412,"href":"https:\/\/mariedelage.com\/ca\/wp-json\/wp\/v2\/pages\/21411\/revisions\/21412"}],"wp:attachment":[{"href":"https:\/\/mariedelage.com\/ca\/wp-json\/wp\/v2\/media?parent=21411"}],"curies":[{"name":"wp","href":"https:\/\/api.w.org\/{rel}","templated":true}]}}