{"id":21415,"date":"2022-06-03T16:40:58","date_gmt":"2022-06-03T16:40:58","guid":{"rendered":"https:\/\/mariedelage.com\/adults\/"},"modified":"2026-03-05T14:47:46","modified_gmt":"2026-03-05T14:47:46","slug":"adults","status":"publish","type":"page","link":"https:\/\/mariedelage.com\/ca\/adults\/","title":{"rendered":"Adults"},"content":{"rendered":"\t\t<div data-elementor-type=\"wp-page\" data-elementor-id=\"21415\" class=\"elementor elementor-21415 elementor-20596\">\n\t\t\t\t\t\t<section class=\"elementor-section elementor-top-section elementor-element elementor-element-d24ec4e elementor-section-boxed elementor-section-height-default elementor-section-height-default sc_fly_static\" data-id=\"d24ec4e\" data-element_type=\"section\" data-e-type=\"section\">\n\t\t\t\t\t\t<div class=\"elementor-container elementor-column-gap-extended\">\n\t\t\t\t\t<div class=\"elementor-column elementor-col-100 elementor-top-column elementor-element elementor-element-3d1080a sc_content_align_inherit sc_layouts_column_icons_position_left sc_fly_static\" data-id=\"3d1080a\" data-element_type=\"column\" data-e-type=\"column\">\n\t\t\t<div class=\"elementor-widget-wrap elementor-element-populated\">\n\t\t\t\t\t\t<div class=\"elementor-element elementor-element-d192596 elementor-widget__width-initial sc_fly_static elementor-widget elementor-widget-trx_sc_title\" data-id=\"d192596\" data-element_type=\"widget\" data-e-type=\"widget\" data-widget_type=\"trx_sc_title.default\">\n\t\t\t\t<div class=\"elementor-widget-container\">\n\t\t\t\t\t<div\t\tclass=\"sc_title sc_title_accent\" ><h1 class=\"sc_item_title sc_title_title sc_align_center sc_item_title_style_accent sc_item_title_tag\"\n\t\t\t><span class=\"sc_item_title_text\">Osteopatia per a Adults: Alleugeriment del dolor i benestar<\/span><\/h1><div class=\"sc_item_descr sc_title_descr sc_align_center\"><p>L'osteopatia \u00e9s una ter\u00e0pia molt completa amb una gran varietat de t\u00e8cniques i enfocaments, cosa que li permet adaptar-se a tots els perfils de pacient, de qualsevol edat, professi\u00f3<\/p>\n<\/div><\/div>\t\t\t\t<\/div>\n\t\t\t\t<\/div>\n\t\t\t\t\t<\/div>\n\t\t<\/div>\n\t\t\t\t\t<\/div>\n\t\t<\/section>\n\t\t\t\t<section class=\"elementor-section elementor-top-section elementor-element elementor-element-cc7e711 elementor-section-boxed elementor-section-height-default elementor-section-height-default sc_fly_static\" data-id=\"cc7e711\" data-element_type=\"section\" data-e-type=\"section\">\n\t\t\t\t\t\t<div class=\"elementor-container elementor-column-gap-extended\">\n\t\t\t\t\t<div class=\"elementor-column elementor-col-100 elementor-top-column elementor-element elementor-element-859f0c1 sc_content_align_inherit sc_layouts_column_icons_position_left sc_fly_static\" data-id=\"859f0c1\" data-element_type=\"column\" data-e-type=\"column\">\n\t\t\t<div class=\"elementor-widget-wrap elementor-element-populated\">\n\t\t\t\t\t\t<section class=\"elementor-section elementor-inner-section elementor-element elementor-element-cd2f9b0 elementor-section-boxed elementor-section-height-default elementor-section-height-default sc_fly_static\" data-id=\"cd2f9b0\" data-element_type=\"section\" data-e-type=\"section\">\n\t\t\t\t\t\t<div class=\"elementor-container elementor-column-gap-extended\">\n\t\t\t\t\t<div class=\"elementor-column elementor-col-50 elementor-inner-column elementor-element elementor-element-9da925a sc_content_align_inherit sc_layouts_column_icons_position_left sc_fly_static\" data-id=\"9da925a\" data-element_type=\"column\" data-e-type=\"column\">\n\t\t\t<div class=\"elementor-widget-wrap elementor-element-populated\">\n\t\t\t\t\t\t<div class=\"elementor-element elementor-element-eda7d1e sc_fly_static elementor-widget elementor-widget-spacer\" data-id=\"eda7d1e\" data-element_type=\"widget\" data-e-type=\"widget\" data-widget_type=\"spacer.default\">\n\t\t\t\t<div class=\"elementor-widget-container\">\n\t\t\t\t\t\t\t<div class=\"elementor-spacer\">\n\t\t\t<div class=\"elementor-spacer-inner\"><\/div>\n\t\t<\/div>\n\t\t\t\t\t\t<\/div>\n\t\t\t\t<\/div>\n\t\t\t\t<div class=\"elementor-element elementor-element-e7a6fe6 sc_fly_static elementor-widget elementor-widget-image\" data-id=\"e7a6fe6\" data-element_type=\"widget\" data-e-type=\"widget\" data-widget_type=\"image.default\">\n\t\t\t\t<div class=\"elementor-widget-container\">\n\t\t\t\t\t\t\t\t\t\t\t\t\t\t\t<img fetchpriority=\"high\" decoding=\"async\" width=\"1024\" height=\"768\" src=\"https:\/\/mariedelage.com\/wp-content\/uploads\/2022\/06\/00c56ff0-695c-412d-ac05-cf7b028d26cc-1024x768.jpg\" class=\"attachment-large size-large wp-image-21090\" alt=\"Aplicaci\u00f3n de masaje osteop\u00e1tico para aliviar dolor de espalda media y tensiones\" srcset=\"https:\/\/mariedelage.com\/wp-content\/uploads\/2022\/06\/00c56ff0-695c-412d-ac05-cf7b028d26cc-1024x768.jpg 1024w, https:\/\/mariedelage.com\/wp-content\/uploads\/2022\/06\/00c56ff0-695c-412d-ac05-cf7b028d26cc-300x225.jpg 300w, https:\/\/mariedelage.com\/wp-content\/uploads\/2022\/06\/00c56ff0-695c-412d-ac05-cf7b028d26cc-768x576.jpg 768w, https:\/\/mariedelage.com\/wp-content\/uploads\/2022\/06\/00c56ff0-695c-412d-ac05-cf7b028d26cc-370x278.jpg 370w, https:\/\/mariedelage.com\/wp-content\/uploads\/2022\/06\/00c56ff0-695c-412d-ac05-cf7b028d26cc-840x630.jpg 840w, https:\/\/mariedelage.com\/wp-content\/uploads\/2022\/06\/00c56ff0-695c-412d-ac05-cf7b028d26cc-410x308.jpg 410w, https:\/\/mariedelage.com\/wp-content\/uploads\/2022\/06\/00c56ff0-695c-412d-ac05-cf7b028d26cc.jpg 1340w\" sizes=\"(max-width: 1024px) 100vw, 1024px\" \/>\t\t\t\t\t\t\t\t\t\t\t\t\t\t\t<\/div>\n\t\t\t\t<\/div>\n\t\t\t\t\t<\/div>\n\t\t<\/div>\n\t\t\t\t<div class=\"elementor-column elementor-col-50 elementor-inner-column elementor-element elementor-element-9943579 sc_content_align_inherit sc_layouts_column_icons_position_left sc_fly_static\" data-id=\"9943579\" data-element_type=\"column\" data-e-type=\"column\">\n\t\t\t<div class=\"elementor-widget-wrap elementor-element-populated\">\n\t\t\t\t\t\t<div class=\"elementor-element elementor-element-2682517 sc_fly_static elementor-widget elementor-widget-spacer\" data-id=\"2682517\" data-element_type=\"widget\" data-e-type=\"widget\" data-widget_type=\"spacer.default\">\n\t\t\t\t<div class=\"elementor-widget-container\">\n\t\t\t\t\t\t\t<div class=\"elementor-spacer\">\n\t\t\t<div class=\"elementor-spacer-inner\"><\/div>\n\t\t<\/div>\n\t\t\t\t\t\t<\/div>\n\t\t\t\t<\/div>\n\t\t\t\t<div class=\"elementor-element elementor-element-b74342e sc_fly_static elementor-widget elementor-widget-text-editor\" data-id=\"b74342e\" data-element_type=\"widget\" data-e-type=\"widget\" data-widget_type=\"text-editor.default\">\n\t\t\t\t<div class=\"elementor-widget-container\">\n\t\t\t\t\t\t\t\t\t<h2>Com et pot ajudar l&#8217;osteopatia si ets adult?<\/h2><ul><li><strong>Disfuncions musculoesquel\u00e8tiques<\/strong>: Dolor vertebral (cervic\u00e0lgia, dors\u00e0lgia, lumb\u00e0lgia), ci\u00e0tica, h\u00e8rnia discal, fuetada cervical, contractures, artrosi, escoliosi\u2026<\/li><li><strong>Lesions esportives<\/strong>: Esquin\u00e7os, tendinitis, rehabilitaci\u00f3 despr\u00e9s d&#8217;una fractura, prevenci\u00f3 de les lesions i de les seves recidives<\/li><li><strong>Disfuncions digestives<\/strong>: reflux g\u00e0stric, h\u00e8rnia de hiat, digestions pesades, restrenyiment, inflor, s\u00edndrome de l&#8217;intest\u00ed irritable<\/li><li><strong>Disfuncions genitourin\u00e0ries<\/strong>: Menstruacions doloroses, s\u00edndrome premenstrual i posmenop\u00e0usic, incontin\u00e8ncia urin\u00e0ria, cistitis de repetici\u00f3, infertilitat funcional<\/li><li><strong>Disfuncions respirat\u00f2ries<\/strong>: Asma, dificultat a respirar profundament, ansietat<\/li><li><strong>Disfuncions otorinolaringol\u00f2giques: Vert\u00edgens, sinusitis, rinitis<\/strong><\/li><li><strong>Alteracions del sistema nervi\u00f3s<\/strong>: Estr\u00e8s, ansietat, depressi\u00f3, cansament, mal de cap tensional, migranyes, neur\u00e0lgies, insomni, dolor cr\u00f2nic\u2026<\/li><li><strong>Disfuncions de l&#8217;articulaci\u00f3 temporomandibular<\/strong>: bruxisme, bloquejos o cruixits de la mand\u00edbula, maloclusi\u00f3<\/li><\/ul>\t\t\t\t\t\t\t\t<\/div>\n\t\t\t\t<\/div>\n\t\t\t\t\t<\/div>\n\t\t<\/div>\n\t\t\t\t\t<\/div>\n\t\t<\/section>\n\t\t\t\t\t<\/div>\n\t\t<\/div>\n\t\t\t\t\t<\/div>\n\t\t<\/section>\n\t\t\t\t<\/div>\n\t\t","protected":false},"excerpt":{"rendered":"<p>Osteopatia per a Adults: Alleugeriment del dolor i benestar L&#8217;osteopatia \u00e9s una ter\u00e0pia molt completa amb una gran varietat de t\u00e8cniques i enfocaments, cosa que li permet adaptar-se a tots&hellip;<\/p>\n","protected":false},"author":1,"featured_media":0,"parent":0,"menu_order":0,"comment_status":"closed","ping_status":"closed","template":"","meta":{"footnotes":""},"class_list":["post-21415","page","type-page","status-publish","hentry"],"yoast_head":"<!-- This site is optimized with the Yoast SEO plugin v27.4 - https:\/\/yoast.com\/product\/yoast-seo-wordpress\/ -->\n<title>Osteopatia per a Adults a Cardedeu | Alleugeriment del Dolor<\/title>\n<meta name=\"description\" content=\"Tractament osteop\u00e0tic per dolor lumbar, cervical, problemes digestiu, tendinitis, ci\u00e0tica i estr\u00e8s. Sessions personalitzades per adults. Demana cita.\" \/>\n<meta name=\"robots\" content=\"index, follow, max-snippet:-1, max-image-preview:large, max-video-preview:-1\" \/>\n<link rel=\"canonical\" href=\"https:\/\/mariedelage.com\/ca\/adults\/\" \/>\n<meta property=\"og:locale\" content=\"ca_ES\" \/>\n<meta property=\"og:type\" content=\"article\" \/>\n<meta property=\"og:title\" content=\"Osteopatia per a Adults a Cardedeu | Alleugeriment del Dolor\" \/>\n<meta property=\"og:description\" content=\"Tractament osteop\u00e0tic per dolor lumbar, cervical, problemes digestiu, tendinitis, ci\u00e0tica i estr\u00e8s. Sessions personalitzades per adults. Demana cita.\" \/>\n<meta property=\"og:url\" content=\"https:\/\/mariedelage.com\/ca\/adults\/\" \/>\n<meta property=\"og:site_name\" content=\"Marie Delage - Osteopat\u00eda\" \/>\n<meta property=\"article:modified_time\" content=\"2026-03-05T14:47:46+00:00\" \/>\n<meta property=\"og:image\" content=\"https:\/\/mariedelage.com\/wp-content\/uploads\/2022\/06\/00c56ff0-695c-412d-ac05-cf7b028d26cc.jpg\" \/>\n\t<meta property=\"og:image:width\" content=\"1340\" \/>\n\t<meta property=\"og:image:height\" content=\"1005\" \/>\n\t<meta property=\"og:image:type\" content=\"image\/jpeg\" \/>\n<meta name=\"twitter:card\" content=\"summary_large_image\" \/>\n<meta name=\"twitter:label1\" content=\"Temps estimat de lectura\" \/>\n\t<meta name=\"twitter:data1\" content=\"2 minuts\" \/>\n<script type=\"application\/ld+json\" class=\"yoast-schema-graph\">{\"@context\":\"https:\\\/\\\/schema.org\",\"@graph\":[{\"@type\":\"WebPage\",\"@id\":\"https:\\\/\\\/mariedelage.com\\\/ca\\\/adults\\\/\",\"url\":\"https:\\\/\\\/mariedelage.com\\\/ca\\\/adults\\\/\",\"name\":\"Osteopatia per a Adults a Cardedeu | Alleugeriment del Dolor\",\"isPartOf\":{\"@id\":\"https:\\\/\\\/mariedelage.com\\\/#website\"},\"primaryImageOfPage\":{\"@id\":\"https:\\\/\\\/mariedelage.com\\\/ca\\\/adults\\\/#primaryimage\"},\"image\":{\"@id\":\"https:\\\/\\\/mariedelage.com\\\/ca\\\/adults\\\/#primaryimage\"},\"thumbnailUrl\":\"https:\\\/\\\/mariedelage.com\\\/wp-content\\\/uploads\\\/2022\\\/06\\\/00c56ff0-695c-412d-ac05-cf7b028d26cc-1024x768.jpg\",\"datePublished\":\"2022-06-03T16:40:58+00:00\",\"dateModified\":\"2026-03-05T14:47:46+00:00\",\"description\":\"Tractament osteop\u00e0tic per dolor lumbar, cervical, problemes digestiu, tendinitis, ci\u00e0tica i estr\u00e8s. Sessions personalitzades per adults. Demana cita.\",\"breadcrumb\":{\"@id\":\"https:\\\/\\\/mariedelage.com\\\/ca\\\/adults\\\/#breadcrumb\"},\"inLanguage\":\"ca\",\"potentialAction\":[{\"@type\":\"ReadAction\",\"target\":[\"https:\\\/\\\/mariedelage.com\\\/ca\\\/adults\\\/\"]}]},{\"@type\":\"ImageObject\",\"inLanguage\":\"ca\",\"@id\":\"https:\\\/\\\/mariedelage.com\\\/ca\\\/adults\\\/#primaryimage\",\"url\":\"https:\\\/\\\/mariedelage.com\\\/wp-content\\\/uploads\\\/2022\\\/06\\\/00c56ff0-695c-412d-ac05-cf7b028d26cc-1024x768.jpg\",\"contentUrl\":\"https:\\\/\\\/mariedelage.com\\\/wp-content\\\/uploads\\\/2022\\\/06\\\/00c56ff0-695c-412d-ac05-cf7b028d26cc-1024x768.jpg\"},{\"@type\":\"BreadcrumbList\",\"@id\":\"https:\\\/\\\/mariedelage.com\\\/ca\\\/adults\\\/#breadcrumb\",\"itemListElement\":[{\"@type\":\"ListItem\",\"position\":1,\"name\":\"Portada\",\"item\":\"https:\\\/\\\/mariedelage.com\\\/ca\\\/\"},{\"@type\":\"ListItem\",\"position\":2,\"name\":\"Adults\"}]},{\"@type\":\"WebSite\",\"@id\":\"https:\\\/\\\/mariedelage.com\\\/#website\",\"url\":\"https:\\\/\\\/mariedelage.com\\\/\",\"name\":\"Marie Delage - Osteopat\u00eda\",\"description\":\"Consulta de Osteopat\u00eda en Barcelona\",\"publisher\":{\"@id\":\"https:\\\/\\\/mariedelage.com\\\/#organization\"},\"potentialAction\":[{\"@type\":\"SearchAction\",\"target\":{\"@type\":\"EntryPoint\",\"urlTemplate\":\"https:\\\/\\\/mariedelage.com\\\/?s={search_term_string}\"},\"query-input\":{\"@type\":\"PropertyValueSpecification\",\"valueRequired\":true,\"valueName\":\"search_term_string\"}}],\"inLanguage\":\"ca\"},{\"@type\":\"Organization\",\"@id\":\"https:\\\/\\\/mariedelage.com\\\/#organization\",\"name\":\"Marie Delage - Osteopat\u00eda\",\"url\":\"https:\\\/\\\/mariedelage.com\\\/\",\"logo\":{\"@type\":\"ImageObject\",\"inLanguage\":\"ca\",\"@id\":\"https:\\\/\\\/mariedelage.com\\\/#\\\/schema\\\/logo\\\/image\\\/\",\"url\":\"https:\\\/\\\/mariedelage.com\\\/wp-content\\\/uploads\\\/2022\\\/06\\\/logo-marie-delage-1.png\",\"contentUrl\":\"https:\\\/\\\/mariedelage.com\\\/wp-content\\\/uploads\\\/2022\\\/06\\\/logo-marie-delage-1.png\",\"width\":691,\"height\":132,\"caption\":\"Marie Delage - Osteopat\u00eda\"},\"image\":{\"@id\":\"https:\\\/\\\/mariedelage.com\\\/#\\\/schema\\\/logo\\\/image\\\/\"}}]}<\/script>\n<!-- \/ Yoast SEO plugin. -->","yoast_head_json":{"title":"Osteopatia per a Adults a Cardedeu | Alleugeriment del Dolor","description":"Tractament osteop\u00e0tic per dolor lumbar, cervical, problemes digestiu, tendinitis, ci\u00e0tica i estr\u00e8s. Sessions personalitzades per adults. Demana cita.","robots":{"index":"index","follow":"follow","max-snippet":"max-snippet:-1","max-image-preview":"max-image-preview:large","max-video-preview":"max-video-preview:-1"},"canonical":"https:\/\/mariedelage.com\/ca\/adults\/","og_locale":"ca_ES","og_type":"article","og_title":"Osteopatia per a Adults a Cardedeu | Alleugeriment del Dolor","og_description":"Tractament osteop\u00e0tic per dolor lumbar, cervical, problemes digestiu, tendinitis, ci\u00e0tica i estr\u00e8s. Sessions personalitzades per adults. Demana cita.","og_url":"https:\/\/mariedelage.com\/ca\/adults\/","og_site_name":"Marie Delage - Osteopat\u00eda","article_modified_time":"2026-03-05T14:47:46+00:00","og_image":[{"width":1340,"height":1005,"url":"https:\/\/mariedelage.com\/wp-content\/uploads\/2022\/06\/00c56ff0-695c-412d-ac05-cf7b028d26cc.jpg","type":"image\/jpeg"}],"twitter_card":"summary_large_image","twitter_misc":{"Temps estimat de lectura":"2 minuts"},"schema":{"@context":"https:\/\/schema.org","@graph":[{"@type":"WebPage","@id":"https:\/\/mariedelage.com\/ca\/adults\/","url":"https:\/\/mariedelage.com\/ca\/adults\/","name":"Osteopatia per a Adults a Cardedeu | Alleugeriment del Dolor","isPartOf":{"@id":"https:\/\/mariedelage.com\/#website"},"primaryImageOfPage":{"@id":"https:\/\/mariedelage.com\/ca\/adults\/#primaryimage"},"image":{"@id":"https:\/\/mariedelage.com\/ca\/adults\/#primaryimage"},"thumbnailUrl":"https:\/\/mariedelage.com\/wp-content\/uploads\/2022\/06\/00c56ff0-695c-412d-ac05-cf7b028d26cc-1024x768.jpg","datePublished":"2022-06-03T16:40:58+00:00","dateModified":"2026-03-05T14:47:46+00:00","description":"Tractament osteop\u00e0tic per dolor lumbar, cervical, problemes digestiu, tendinitis, ci\u00e0tica i estr\u00e8s. Sessions personalitzades per adults. Demana cita.","breadcrumb":{"@id":"https:\/\/mariedelage.com\/ca\/adults\/#breadcrumb"},"inLanguage":"ca","potentialAction":[{"@type":"ReadAction","target":["https:\/\/mariedelage.com\/ca\/adults\/"]}]},{"@type":"ImageObject","inLanguage":"ca","@id":"https:\/\/mariedelage.com\/ca\/adults\/#primaryimage","url":"https:\/\/mariedelage.com\/wp-content\/uploads\/2022\/06\/00c56ff0-695c-412d-ac05-cf7b028d26cc-1024x768.jpg","contentUrl":"https:\/\/mariedelage.com\/wp-content\/uploads\/2022\/06\/00c56ff0-695c-412d-ac05-cf7b028d26cc-1024x768.jpg"},{"@type":"BreadcrumbList","@id":"https:\/\/mariedelage.com\/ca\/adults\/#breadcrumb","itemListElement":[{"@type":"ListItem","position":1,"name":"Portada","item":"https:\/\/mariedelage.com\/ca\/"},{"@type":"ListItem","position":2,"name":"Adults"}]},{"@type":"WebSite","@id":"https:\/\/mariedelage.com\/#website","url":"https:\/\/mariedelage.com\/","name":"Marie Delage - Osteopat\u00eda","description":"Consulta de Osteopat\u00eda en Barcelona","publisher":{"@id":"https:\/\/mariedelage.com\/#organization"},"potentialAction":[{"@type":"SearchAction","target":{"@type":"EntryPoint","urlTemplate":"https:\/\/mariedelage.com\/?s={search_term_string}"},"query-input":{"@type":"PropertyValueSpecification","valueRequired":true,"valueName":"search_term_string"}}],"inLanguage":"ca"},{"@type":"Organization","@id":"https:\/\/mariedelage.com\/#organization","name":"Marie Delage - Osteopat\u00eda","url":"https:\/\/mariedelage.com\/","logo":{"@type":"ImageObject","inLanguage":"ca","@id":"https:\/\/mariedelage.com\/#\/schema\/logo\/image\/","url":"https:\/\/mariedelage.com\/wp-content\/uploads\/2022\/06\/logo-marie-delage-1.png","contentUrl":"https:\/\/mariedelage.com\/wp-content\/uploads\/2022\/06\/logo-marie-delage-1.png","width":691,"height":132,"caption":"Marie Delage - Osteopat\u00eda"},"image":{"@id":"https:\/\/mariedelage.com\/#\/schema\/logo\/image\/"}}]}},"_links":{"self":[{"href":"https:\/\/mariedelage.com\/ca\/wp-json\/wp\/v2\/pages\/21415","targetHints":{"allow":["GET"]}}],"collection":[{"href":"https:\/\/mariedelage.com\/ca\/wp-json\/wp\/v2\/pages"}],"about":[{"href":"https:\/\/mariedelage.com\/ca\/wp-json\/wp\/v2\/types\/page"}],"author":[{"embeddable":true,"href":"https:\/\/mariedelage.com\/ca\/wp-json\/wp\/v2\/users\/1"}],"replies":[{"embeddable":true,"href":"https:\/\/mariedelage.com\/ca\/wp-json\/wp\/v2\/comments?post=21415"}],"version-history":[{"count":5,"href":"https:\/\/mariedelage.com\/ca\/wp-json\/wp\/v2\/pages\/21415\/revisions"}],"predecessor-version":[{"id":21505,"href":"https:\/\/mariedelage.com\/ca\/wp-json\/wp\/v2\/pages\/21415\/revisions\/21505"}],"wp:attachment":[{"href":"https:\/\/mariedelage.com\/ca\/wp-json\/wp\/v2\/media?parent=21415"}],"curies":[{"name":"wp","href":"https:\/\/api.w.org\/{rel}","templated":true}]}}