{"id":21387,"date":"2022-06-03T19:34:19","date_gmt":"2022-06-03T19:34:19","guid":{"rendered":"https:\/\/mariedelage.com\/what-is-osteopathy\/"},"modified":"2022-08-01T10:13:10","modified_gmt":"2022-08-01T10:13:10","slug":"what-is-osteopathy","status":"publish","type":"page","link":"https:\/\/mariedelage.com\/en\/what-is-osteopathy\/","title":{"rendered":"What is osteopathy?"},"content":{"rendered":"\t\t<div data-elementor-type=\"wp-page\" data-elementor-id=\"21387\" class=\"elementor elementor-21387 elementor-20662\">\n\t\t\t\t\t\t<section class=\"elementor-section elementor-top-section elementor-element elementor-element-74646f7 elementor-section-boxed elementor-section-height-default elementor-section-height-default sc_fly_static\" data-id=\"74646f7\" data-element_type=\"section\" data-e-type=\"section\">\n\t\t\t\t\t\t<div class=\"elementor-container elementor-column-gap-extended\">\n\t\t\t\t\t<div class=\"elementor-column elementor-col-100 elementor-top-column elementor-element elementor-element-d562d96 sc_content_align_inherit sc_layouts_column_icons_position_left sc_fly_static\" data-id=\"d562d96\" data-element_type=\"column\" data-e-type=\"column\">\n\t\t\t<div class=\"elementor-widget-wrap elementor-element-populated\">\n\t\t\t\t\t\t<div class=\"elementor-element elementor-element-e3db448 sc_fly_static elementor-widget elementor-widget-trx_sc_title\" data-id=\"e3db448\" data-element_type=\"widget\" data-e-type=\"widget\" data-widget_type=\"trx_sc_title.default\">\n\t\t\t\t<div class=\"elementor-widget-container\">\n\t\t\t\t\t<div\t\tclass=\"sc_title sc_title_accent\" ><h1 class=\"sc_item_title sc_title_title sc_align_center sc_item_title_style_accent sc_item_title_tag\"\n\t\t\t><span class=\"sc_item_title_text\">What is osteopathy?<\/span><\/h1><div class=\"sc_item_descr sc_title_descr sc_align_center\"><p>Osteopathy is a holistic manual therapy, which means that the osteopath sees the patient in his physical, psychological and emotional whole.<\/p>\n<\/div><\/div>\t\t\t\t<\/div>\n\t\t\t\t<\/div>\n\t\t\t\t\t<\/div>\n\t\t<\/div>\n\t\t\t\t\t<\/div>\n\t\t<\/section>\n\t\t\t\t<section class=\"elementor-section elementor-top-section elementor-element elementor-element-0cabe11 elementor-section-boxed elementor-section-height-default elementor-section-height-default sc_fly_static\" data-id=\"0cabe11\" data-element_type=\"section\" data-e-type=\"section\">\n\t\t\t\t\t\t<div class=\"elementor-container elementor-column-gap-extended\">\n\t\t\t\t\t<div class=\"elementor-column elementor-col-50 elementor-top-column elementor-element elementor-element-df9b7a1 sc_content_align_inherit sc_layouts_column_icons_position_left sc_fly_static\" data-id=\"df9b7a1\" data-element_type=\"column\" data-e-type=\"column\">\n\t\t\t<div class=\"elementor-widget-wrap elementor-element-populated\">\n\t\t\t\t\t\t<div class=\"elementor-element elementor-element-6c57e05 sc_fly_static elementor-widget elementor-widget-spacer\" data-id=\"6c57e05\" data-element_type=\"widget\" data-e-type=\"widget\" data-widget_type=\"spacer.default\">\n\t\t\t\t<div class=\"elementor-widget-container\">\n\t\t\t\t\t\t\t<div class=\"elementor-spacer\">\n\t\t\t<div class=\"elementor-spacer-inner\"><\/div>\n\t\t<\/div>\n\t\t\t\t\t\t<\/div>\n\t\t\t\t<\/div>\n\t\t\t\t<div class=\"elementor-element elementor-element-1da3c51 sc_fly_static elementor-widget elementor-widget-image\" data-id=\"1da3c51\" data-element_type=\"widget\" data-e-type=\"widget\" data-widget_type=\"image.default\">\n\t\t\t\t<div class=\"elementor-widget-container\">\n\t\t\t\t\t\t\t\t\t\t\t\t\t\t\t<img fetchpriority=\"high\" decoding=\"async\" width=\"768\" height=\"1024\" src=\"https:\/\/mariedelage.com\/wp-content\/uploads\/2022\/06\/que-es-osteopatia-768x1024.jpeg\" class=\"attachment-large size-large wp-image-21342\" alt=\"T\u00e9cnica osteop\u00e1tica suave para mejorar movilidad cervical y reducir dolor cr\u00f3nico\" srcset=\"https:\/\/mariedelage.com\/wp-content\/uploads\/2022\/06\/que-es-osteopatia-768x1024.jpeg 768w, https:\/\/mariedelage.com\/wp-content\/uploads\/2022\/06\/que-es-osteopatia-225x300.jpeg 225w, https:\/\/mariedelage.com\/wp-content\/uploads\/2022\/06\/que-es-osteopatia-370x493.jpeg 370w, https:\/\/mariedelage.com\/wp-content\/uploads\/2022\/06\/que-es-osteopatia-840x1121.jpeg 840w, https:\/\/mariedelage.com\/wp-content\/uploads\/2022\/06\/que-es-osteopatia-410x547.jpeg 410w, https:\/\/mariedelage.com\/wp-content\/uploads\/2022\/06\/que-es-osteopatia.jpeg 1072w\" sizes=\"(max-width: 768px) 100vw, 768px\" \/>\t\t\t\t\t\t\t\t\t\t\t\t\t\t\t<\/div>\n\t\t\t\t<\/div>\n\t\t\t\t\t<\/div>\n\t\t<\/div>\n\t\t\t\t<div class=\"elementor-column elementor-col-50 elementor-top-column elementor-element elementor-element-5a10a71 sc_content_align_inherit sc_layouts_column_icons_position_left sc_fly_static\" data-id=\"5a10a71\" data-element_type=\"column\" data-e-type=\"column\">\n\t\t\t<div class=\"elementor-widget-wrap elementor-element-populated\">\n\t\t\t\t\t\t<div class=\"elementor-element elementor-element-6eea014 sc_fly_static elementor-widget elementor-widget-spacer\" data-id=\"6eea014\" data-element_type=\"widget\" data-e-type=\"widget\" data-widget_type=\"spacer.default\">\n\t\t\t\t<div class=\"elementor-widget-container\">\n\t\t\t\t\t\t\t<div class=\"elementor-spacer\">\n\t\t\t<div class=\"elementor-spacer-inner\"><\/div>\n\t\t<\/div>\n\t\t\t\t\t\t<\/div>\n\t\t\t\t<\/div>\n\t\t\t\t<div class=\"elementor-element elementor-element-34e79dd sc_fly_static elementor-widget elementor-widget-text-editor\" data-id=\"34e79dd\" data-element_type=\"widget\" data-e-type=\"widget\" data-widget_type=\"text-editor.default\">\n\t\t\t\t<div class=\"elementor-widget-container\">\n\t\t\t\t\t\t\t\t\t<p>The body is considered as a whole, each parti interacting with the others. For this reason, great importance is given to the patient&#8217;s history and previous injuries or illnesses that may have created an imbalance in the body.<\/p><p>The body has a great capacity of adaptation, and always tends towards health. The osteopath seeks to release blockages and restrictions in the body, to help it regain its balance and restore <strong>homeostasis<\/strong> (the body&#8217;s ability to self-regulate).<\/p><p><br>Osteopathic treatment consists of treating <strong>dysfunctions of mobility<\/strong> of the spine, joints, muscular system, viscera, skull. It seeks to recover body balance, reactivating its<strong>self-healing mechanisms<\/strong> with various therapeutic techniques: joint and muscle manipulations, functional, visceral and cranial techniques.<br><br>Each treatment is uniquer and a personal approach is always followed.<br><br><strong>Osteopathy<\/strong> tries to understand the dysfunctions of the human body in a logical way, providing an explanation for each dysfunction.<br><br>To achieve this, an osteopathic diagnosis of the patient is made, which allows determining <strong>the causes<\/strong> that produce the injury or the problem. Osteopathy does not only treat the symptom (pain) but goes deeper, delving into correcting the origin of the problem.<\/p>\t\t\t\t\t\t\t\t<\/div>\n\t\t\t\t<\/div>\n\t\t\t\t\t<\/div>\n\t\t<\/div>\n\t\t\t\t\t<\/div>\n\t\t<\/section>\n\t\t\t\t<\/div>\n\t\t","protected":false},"excerpt":{"rendered":"<p>What is osteopathy? Osteopathy is a holistic manual therapy, which means that the osteopath sees the patient in his physical, psychological and emotional whole. The body is considered as a&hellip;<\/p>\n","protected":false},"author":1,"featured_media":0,"parent":0,"menu_order":0,"comment_status":"closed","ping_status":"closed","template":"","meta":{"footnotes":""},"class_list":["post-21387","page","type-page","status-publish","hentry"],"yoast_head":"<!-- This site is optimized with the Yoast SEO plugin v27.4 - https:\/\/yoast.com\/product\/yoast-seo-wordpress\/ -->\n<title>What is osteopathy? - Marie Delage - Osteopat\u00eda<\/title>\n<meta name=\"robots\" content=\"index, follow, max-snippet:-1, max-image-preview:large, max-video-preview:-1\" \/>\n<link rel=\"canonical\" href=\"https:\/\/mariedelage.com\/que-es-la-osteopatia\/\" \/>\n<meta property=\"og:locale\" content=\"en_US\" \/>\n<meta property=\"og:type\" content=\"article\" \/>\n<meta property=\"og:title\" content=\"What is osteopathy? - Marie Delage - Osteopat\u00eda\" \/>\n<meta property=\"og:description\" content=\"What is osteopathy? Osteopathy is a holistic manual therapy, which means that the osteopath sees the patient in his physical, psychological and emotional whole. The body is considered as a&hellip;\" \/>\n<meta property=\"og:url\" content=\"https:\/\/mariedelage.com\/que-es-la-osteopatia\/\" \/>\n<meta property=\"og:site_name\" content=\"Marie Delage - Osteopat\u00eda\" \/>\n<meta property=\"article:modified_time\" content=\"2022-08-01T10:13:10+00:00\" \/>\n<meta property=\"og:image\" content=\"https:\/\/mariedelage.com\/wp-content\/uploads\/2022\/06\/que-es-osteopatia.jpeg\" \/>\n\t<meta property=\"og:image:width\" content=\"1072\" \/>\n\t<meta property=\"og:image:height\" content=\"1430\" \/>\n\t<meta property=\"og:image:type\" content=\"image\/jpeg\" \/>\n<meta name=\"twitter:card\" content=\"summary_large_image\" \/>\n<meta name=\"twitter:label1\" content=\"Est. reading time\" \/>\n\t<meta name=\"twitter:data1\" content=\"1 minute\" \/>\n<script type=\"application\/ld+json\" class=\"yoast-schema-graph\">{\"@context\":\"https:\\\/\\\/schema.org\",\"@graph\":[{\"@type\":\"WebPage\",\"@id\":\"https:\\\/\\\/mariedelage.com\\\/que-es-la-osteopatia\\\/\",\"url\":\"https:\\\/\\\/mariedelage.com\\\/que-es-la-osteopatia\\\/\",\"name\":\"What is osteopathy? - Marie Delage - Osteopat\u00eda\",\"isPartOf\":{\"@id\":\"https:\\\/\\\/mariedelage.com\\\/#website\"},\"primaryImageOfPage\":{\"@id\":\"https:\\\/\\\/mariedelage.com\\\/que-es-la-osteopatia\\\/#primaryimage\"},\"image\":{\"@id\":\"https:\\\/\\\/mariedelage.com\\\/que-es-la-osteopatia\\\/#primaryimage\"},\"thumbnailUrl\":\"https:\\\/\\\/mariedelage.com\\\/wp-content\\\/uploads\\\/2022\\\/06\\\/que-es-osteopatia-768x1024.jpeg\",\"datePublished\":\"2022-06-03T19:34:19+00:00\",\"dateModified\":\"2022-08-01T10:13:10+00:00\",\"breadcrumb\":{\"@id\":\"https:\\\/\\\/mariedelage.com\\\/que-es-la-osteopatia\\\/#breadcrumb\"},\"inLanguage\":\"en-US\",\"potentialAction\":[{\"@type\":\"ReadAction\",\"target\":[\"https:\\\/\\\/mariedelage.com\\\/que-es-la-osteopatia\\\/\"]}]},{\"@type\":\"ImageObject\",\"inLanguage\":\"en-US\",\"@id\":\"https:\\\/\\\/mariedelage.com\\\/que-es-la-osteopatia\\\/#primaryimage\",\"url\":\"https:\\\/\\\/mariedelage.com\\\/wp-content\\\/uploads\\\/2022\\\/06\\\/que-es-osteopatia-768x1024.jpeg\",\"contentUrl\":\"https:\\\/\\\/mariedelage.com\\\/wp-content\\\/uploads\\\/2022\\\/06\\\/que-es-osteopatia-768x1024.jpeg\"},{\"@type\":\"BreadcrumbList\",\"@id\":\"https:\\\/\\\/mariedelage.com\\\/que-es-la-osteopatia\\\/#breadcrumb\",\"itemListElement\":[{\"@type\":\"ListItem\",\"position\":1,\"name\":\"Portada\",\"item\":\"https:\\\/\\\/mariedelage.com\\\/\"},{\"@type\":\"ListItem\",\"position\":2,\"name\":\"What is osteopathy?\"}]},{\"@type\":\"WebSite\",\"@id\":\"https:\\\/\\\/mariedelage.com\\\/#website\",\"url\":\"https:\\\/\\\/mariedelage.com\\\/\",\"name\":\"Marie Delage - Osteopat\u00eda\",\"description\":\"Consulta de Osteopat\u00eda en Barcelona\",\"publisher\":{\"@id\":\"https:\\\/\\\/mariedelage.com\\\/#organization\"},\"potentialAction\":[{\"@type\":\"SearchAction\",\"target\":{\"@type\":\"EntryPoint\",\"urlTemplate\":\"https:\\\/\\\/mariedelage.com\\\/?s={search_term_string}\"},\"query-input\":{\"@type\":\"PropertyValueSpecification\",\"valueRequired\":true,\"valueName\":\"search_term_string\"}}],\"inLanguage\":\"en-US\"},{\"@type\":\"Organization\",\"@id\":\"https:\\\/\\\/mariedelage.com\\\/#organization\",\"name\":\"Marie Delage - Osteopat\u00eda\",\"url\":\"https:\\\/\\\/mariedelage.com\\\/\",\"logo\":{\"@type\":\"ImageObject\",\"inLanguage\":\"en-US\",\"@id\":\"https:\\\/\\\/mariedelage.com\\\/#\\\/schema\\\/logo\\\/image\\\/\",\"url\":\"https:\\\/\\\/mariedelage.com\\\/wp-content\\\/uploads\\\/2022\\\/06\\\/logo-marie-delage-1.png\",\"contentUrl\":\"https:\\\/\\\/mariedelage.com\\\/wp-content\\\/uploads\\\/2022\\\/06\\\/logo-marie-delage-1.png\",\"width\":691,\"height\":132,\"caption\":\"Marie Delage - Osteopat\u00eda\"},\"image\":{\"@id\":\"https:\\\/\\\/mariedelage.com\\\/#\\\/schema\\\/logo\\\/image\\\/\"}}]}<\/script>\n<!-- \/ Yoast SEO plugin. -->","yoast_head_json":{"title":"What is osteopathy? - Marie Delage - Osteopat\u00eda","robots":{"index":"index","follow":"follow","max-snippet":"max-snippet:-1","max-image-preview":"max-image-preview:large","max-video-preview":"max-video-preview:-1"},"canonical":"https:\/\/mariedelage.com\/que-es-la-osteopatia\/","og_locale":"en_US","og_type":"article","og_title":"What is osteopathy? - Marie Delage - Osteopat\u00eda","og_description":"What is osteopathy? Osteopathy is a holistic manual therapy, which means that the osteopath sees the patient in his physical, psychological and emotional whole. The body is considered as a&hellip;","og_url":"https:\/\/mariedelage.com\/que-es-la-osteopatia\/","og_site_name":"Marie Delage - Osteopat\u00eda","article_modified_time":"2022-08-01T10:13:10+00:00","og_image":[{"width":1072,"height":1430,"url":"https:\/\/mariedelage.com\/wp-content\/uploads\/2022\/06\/que-es-osteopatia.jpeg","type":"image\/jpeg"}],"twitter_card":"summary_large_image","twitter_misc":{"Est. reading time":"1 minute"},"schema":{"@context":"https:\/\/schema.org","@graph":[{"@type":"WebPage","@id":"https:\/\/mariedelage.com\/que-es-la-osteopatia\/","url":"https:\/\/mariedelage.com\/que-es-la-osteopatia\/","name":"What is osteopathy? - Marie Delage - Osteopat\u00eda","isPartOf":{"@id":"https:\/\/mariedelage.com\/#website"},"primaryImageOfPage":{"@id":"https:\/\/mariedelage.com\/que-es-la-osteopatia\/#primaryimage"},"image":{"@id":"https:\/\/mariedelage.com\/que-es-la-osteopatia\/#primaryimage"},"thumbnailUrl":"https:\/\/mariedelage.com\/wp-content\/uploads\/2022\/06\/que-es-osteopatia-768x1024.jpeg","datePublished":"2022-06-03T19:34:19+00:00","dateModified":"2022-08-01T10:13:10+00:00","breadcrumb":{"@id":"https:\/\/mariedelage.com\/que-es-la-osteopatia\/#breadcrumb"},"inLanguage":"en-US","potentialAction":[{"@type":"ReadAction","target":["https:\/\/mariedelage.com\/que-es-la-osteopatia\/"]}]},{"@type":"ImageObject","inLanguage":"en-US","@id":"https:\/\/mariedelage.com\/que-es-la-osteopatia\/#primaryimage","url":"https:\/\/mariedelage.com\/wp-content\/uploads\/2022\/06\/que-es-osteopatia-768x1024.jpeg","contentUrl":"https:\/\/mariedelage.com\/wp-content\/uploads\/2022\/06\/que-es-osteopatia-768x1024.jpeg"},{"@type":"BreadcrumbList","@id":"https:\/\/mariedelage.com\/que-es-la-osteopatia\/#breadcrumb","itemListElement":[{"@type":"ListItem","position":1,"name":"Portada","item":"https:\/\/mariedelage.com\/"},{"@type":"ListItem","position":2,"name":"What is osteopathy?"}]},{"@type":"WebSite","@id":"https:\/\/mariedelage.com\/#website","url":"https:\/\/mariedelage.com\/","name":"Marie Delage - Osteopat\u00eda","description":"Consulta de Osteopat\u00eda en Barcelona","publisher":{"@id":"https:\/\/mariedelage.com\/#organization"},"potentialAction":[{"@type":"SearchAction","target":{"@type":"EntryPoint","urlTemplate":"https:\/\/mariedelage.com\/?s={search_term_string}"},"query-input":{"@type":"PropertyValueSpecification","valueRequired":true,"valueName":"search_term_string"}}],"inLanguage":"en-US"},{"@type":"Organization","@id":"https:\/\/mariedelage.com\/#organization","name":"Marie Delage - Osteopat\u00eda","url":"https:\/\/mariedelage.com\/","logo":{"@type":"ImageObject","inLanguage":"en-US","@id":"https:\/\/mariedelage.com\/#\/schema\/logo\/image\/","url":"https:\/\/mariedelage.com\/wp-content\/uploads\/2022\/06\/logo-marie-delage-1.png","contentUrl":"https:\/\/mariedelage.com\/wp-content\/uploads\/2022\/06\/logo-marie-delage-1.png","width":691,"height":132,"caption":"Marie Delage - Osteopat\u00eda"},"image":{"@id":"https:\/\/mariedelage.com\/#\/schema\/logo\/image\/"}}]}},"_links":{"self":[{"href":"https:\/\/mariedelage.com\/en\/wp-json\/wp\/v2\/pages\/21387","targetHints":{"allow":["GET"]}}],"collection":[{"href":"https:\/\/mariedelage.com\/en\/wp-json\/wp\/v2\/pages"}],"about":[{"href":"https:\/\/mariedelage.com\/en\/wp-json\/wp\/v2\/types\/page"}],"author":[{"embeddable":true,"href":"https:\/\/mariedelage.com\/en\/wp-json\/wp\/v2\/users\/1"}],"replies":[{"embeddable":true,"href":"https:\/\/mariedelage.com\/en\/wp-json\/wp\/v2\/comments?post=21387"}],"version-history":[{"count":1,"href":"https:\/\/mariedelage.com\/en\/wp-json\/wp\/v2\/pages\/21387\/revisions"}],"predecessor-version":[{"id":21388,"href":"https:\/\/mariedelage.com\/en\/wp-json\/wp\/v2\/pages\/21387\/revisions\/21388"}],"wp:attachment":[{"href":"https:\/\/mariedelage.com\/en\/wp-json\/wp\/v2\/media?parent=21387"}],"curies":[{"name":"wp","href":"https:\/\/api.w.org\/{rel}","templated":true}]}}