{"id":21391,"date":"2022-06-03T19:29:36","date_gmt":"2022-06-03T19:29:36","guid":{"rendered":"https:\/\/mariedelage.com\/babies\/"},"modified":"2022-08-02T17:51:48","modified_gmt":"2022-08-02T17:51:48","slug":"babies","status":"publish","type":"page","link":"https:\/\/mariedelage.com\/en\/babies\/","title":{"rendered":"Babies"},"content":{"rendered":"\t\t<div data-elementor-type=\"wp-page\" data-elementor-id=\"21391\" class=\"elementor elementor-21391 elementor-20656\">\n\t\t\t\t\t\t<section class=\"elementor-section elementor-top-section elementor-element elementor-element-f2c763c elementor-section-boxed elementor-section-height-default elementor-section-height-default sc_fly_static\" data-id=\"f2c763c\" data-element_type=\"section\" data-e-type=\"section\">\n\t\t\t\t\t\t<div class=\"elementor-container elementor-column-gap-extended\">\n\t\t\t\t\t<div class=\"elementor-column elementor-col-100 elementor-top-column elementor-element elementor-element-a58f563 sc_content_align_inherit sc_layouts_column_icons_position_left sc_fly_static\" data-id=\"a58f563\" data-element_type=\"column\" data-e-type=\"column\">\n\t\t\t<div class=\"elementor-widget-wrap elementor-element-populated\">\n\t\t\t\t\t\t<div class=\"elementor-element elementor-element-a7b7a66 sc_fly_static elementor-widget elementor-widget-trx_sc_title\" data-id=\"a7b7a66\" data-element_type=\"widget\" data-e-type=\"widget\" data-widget_type=\"trx_sc_title.default\">\n\t\t\t\t<div class=\"elementor-widget-container\">\n\t\t\t\t\t<div\t\tclass=\"sc_title sc_title_accent\" ><h1 class=\"sc_item_title sc_title_title sc_align_center sc_item_title_style_accent sc_item_title_tag\"\n\t\t\t><span class=\"sc_item_title_text\">Osteopathy for babies<\/span><\/h1><div class=\"sc_item_descr sc_title_descr sc_align_center\"><p>Osteopathy, especially cranial, adapts very well to the physiology of babies. It can be consulted from the first day of life, since the techniques used are very gentle and respectful of the baby's tissues<\/p>\n<p>The baby's body has a great capacity for adaptation, and the tensions experienced during the in-utero period and childbirth can be reflected at birth.<\/p>\n<\/div><\/div>\t\t\t\t<\/div>\n\t\t\t\t<\/div>\n\t\t\t\t<section class=\"elementor-section elementor-inner-section elementor-element elementor-element-11bcb88 elementor-section-boxed elementor-section-height-default elementor-section-height-default sc_fly_static\" data-id=\"11bcb88\" data-element_type=\"section\" data-e-type=\"section\">\n\t\t\t\t\t\t<div class=\"elementor-container elementor-column-gap-extended\">\n\t\t\t\t\t<div class=\"elementor-column elementor-col-50 elementor-inner-column elementor-element elementor-element-a950fc3 sc_content_align_inherit sc_layouts_column_icons_position_left sc_fly_static\" data-id=\"a950fc3\" data-element_type=\"column\" data-e-type=\"column\">\n\t\t\t<div class=\"elementor-widget-wrap elementor-element-populated\">\n\t\t\t\t\t\t<div class=\"elementor-element elementor-element-7197ad9 sc_fly_static elementor-widget elementor-widget-spacer\" data-id=\"7197ad9\" data-element_type=\"widget\" data-e-type=\"widget\" data-widget_type=\"spacer.default\">\n\t\t\t\t<div class=\"elementor-widget-container\">\n\t\t\t\t\t\t\t<div class=\"elementor-spacer\">\n\t\t\t<div class=\"elementor-spacer-inner\"><\/div>\n\t\t<\/div>\n\t\t\t\t\t\t<\/div>\n\t\t\t\t<\/div>\n\t\t\t\t<div class=\"elementor-element elementor-element-88e7c0a sc_fly_static elementor-widget elementor-widget-image\" data-id=\"88e7c0a\" data-element_type=\"widget\" data-e-type=\"widget\" data-widget_type=\"image.default\">\n\t\t\t\t<div class=\"elementor-widget-container\">\n\t\t\t\t\t\t\t\t\t\t\t\t\t\t\t<img fetchpriority=\"high\" decoding=\"async\" width=\"768\" height=\"1024\" src=\"https:\/\/mariedelage.com\/wp-content\/uploads\/2022\/06\/WhatsApp-Image-2022-06-05-at-5.36.45-PM-1-768x1024.jpeg\" class=\"attachment-large size-large wp-image-21351\" alt=\"Beb\u00e9 relejado durante valoraci\u00f3n de osteopat\u00eda infantil para mejorar bienestar digestivo\" srcset=\"https:\/\/mariedelage.com\/wp-content\/uploads\/2022\/06\/WhatsApp-Image-2022-06-05-at-5.36.45-PM-1-768x1024.jpeg 768w, https:\/\/mariedelage.com\/wp-content\/uploads\/2022\/06\/WhatsApp-Image-2022-06-05-at-5.36.45-PM-1-225x300.jpeg 225w, https:\/\/mariedelage.com\/wp-content\/uploads\/2022\/06\/WhatsApp-Image-2022-06-05-at-5.36.45-PM-1-1152x1536.jpeg 1152w, https:\/\/mariedelage.com\/wp-content\/uploads\/2022\/06\/WhatsApp-Image-2022-06-05-at-5.36.45-PM-1-370x493.jpeg 370w, https:\/\/mariedelage.com\/wp-content\/uploads\/2022\/06\/WhatsApp-Image-2022-06-05-at-5.36.45-PM-1-840x1120.jpeg 840w, https:\/\/mariedelage.com\/wp-content\/uploads\/2022\/06\/WhatsApp-Image-2022-06-05-at-5.36.45-PM-1-410x547.jpeg 410w, https:\/\/mariedelage.com\/wp-content\/uploads\/2022\/06\/WhatsApp-Image-2022-06-05-at-5.36.45-PM-1.jpeg 1536w\" sizes=\"(max-width: 768px) 100vw, 768px\" \/>\t\t\t\t\t\t\t\t\t\t\t\t\t\t\t<\/div>\n\t\t\t\t<\/div>\n\t\t\t\t\t<\/div>\n\t\t<\/div>\n\t\t\t\t<div class=\"elementor-column elementor-col-50 elementor-inner-column elementor-element elementor-element-506253d sc_content_align_inherit sc_layouts_column_icons_position_left sc_fly_static\" data-id=\"506253d\" data-element_type=\"column\" data-e-type=\"column\">\n\t\t\t<div class=\"elementor-widget-wrap elementor-element-populated\">\n\t\t\t\t\t\t<div class=\"elementor-element elementor-element-50d8e35 sc_fly_static elementor-widget elementor-widget-spacer\" data-id=\"50d8e35\" data-element_type=\"widget\" data-e-type=\"widget\" data-widget_type=\"spacer.default\">\n\t\t\t\t<div class=\"elementor-widget-container\">\n\t\t\t\t\t\t\t<div class=\"elementor-spacer\">\n\t\t\t<div class=\"elementor-spacer-inner\"><\/div>\n\t\t<\/div>\n\t\t\t\t\t\t<\/div>\n\t\t\t\t<\/div>\n\t\t\t\t<div class=\"elementor-element elementor-element-2ae8ba0 sc_fly_static elementor-widget elementor-widget-text-editor\" data-id=\"2ae8ba0\" data-element_type=\"widget\" data-e-type=\"widget\" data-widget_type=\"text-editor.default\">\n\t\t\t\t<div class=\"elementor-widget-container\">\n\t\t\t\t\t\t\t\t\t<h3>When to consult?<\/h3><ul><li>Complicated labour, excessively long or short, caesarean section, use of forceps or ventouse&#8230;<\/li><li>Irritable baby, cries inconsolably, shows signs of pain or discomfort (turns red, arches, clenches fists)<\/li><li>Asymmetry of the baby&#8217;s posture at rest (tendency to always turn the head to the same side, arched position to one side, asymmetry of arms \/ legs<\/li><li>The baby shows discomfort in some positions (does not like to be on his tummy or his back, in a baby carrier, cries when being dressed or when changing the nappy&#8230;)<\/li><li>Plagiocephaly (deformity of the baby&#8217;s head) : &#8220;pointy&#8221; head, asymmetrical, one eye more closed than the other, one ear higher than the other, turning the head to the same side, wearing of the hair behind the head asymmetrically&#8230;)<\/li><\/ul><ul><li>Digestive disorders (regurgitation, constipation, vomiting)<\/li><li>Respiratory disorders (noisy breathing, excessive mucus)<\/li><li>Excessive eye secretions (eyelids glued together by secretions when waking up)<\/li><li>Recurrent otitis<\/li><\/ul>\t\t\t\t\t\t\t\t<\/div>\n\t\t\t\t<\/div>\n\t\t\t\t\t<\/div>\n\t\t<\/div>\n\t\t\t\t\t<\/div>\n\t\t<\/section>\n\t\t\t\t\t<\/div>\n\t\t<\/div>\n\t\t\t\t\t<\/div>\n\t\t<\/section>\n\t\t\t\t<\/div>\n\t\t","protected":false},"excerpt":{"rendered":"<p>Osteopathy for babies Osteopathy, especially cranial, adapts very well to the physiology of babies. It can be consulted from the first day of life, since the techniques used are very&hellip;<\/p>\n","protected":false},"author":1,"featured_media":0,"parent":0,"menu_order":0,"comment_status":"closed","ping_status":"closed","template":"","meta":{"footnotes":""},"class_list":["post-21391","page","type-page","status-publish","hentry"],"yoast_head":"<!-- This site is optimized with the Yoast SEO plugin v27.4 - https:\/\/yoast.com\/product\/yoast-seo-wordpress\/ -->\n<title>Babies - Marie Delage - Osteopat\u00eda<\/title>\n<meta name=\"robots\" content=\"index, follow, max-snippet:-1, max-image-preview:large, max-video-preview:-1\" \/>\n<link rel=\"canonical\" href=\"https:\/\/mariedelage.com\/bebes\/\" \/>\n<meta property=\"og:locale\" content=\"en_US\" \/>\n<meta property=\"og:type\" content=\"article\" \/>\n<meta property=\"og:title\" content=\"Babies - Marie Delage - Osteopat\u00eda\" \/>\n<meta property=\"og:description\" content=\"Osteopathy for babies Osteopathy, especially cranial, adapts very well to the physiology of babies. It can be consulted from the first day of life, since the techniques used are very&hellip;\" \/>\n<meta property=\"og:url\" content=\"https:\/\/mariedelage.com\/bebes\/\" \/>\n<meta property=\"og:site_name\" content=\"Marie Delage - Osteopat\u00eda\" \/>\n<meta property=\"article:modified_time\" content=\"2022-08-02T17:51:48+00:00\" \/>\n<meta property=\"og:image\" content=\"https:\/\/mariedelage.com\/wp-content\/uploads\/2022\/06\/WhatsApp-Image-2022-06-05-at-5.36.45-PM-1.jpeg\" \/>\n\t<meta property=\"og:image:width\" content=\"1536\" \/>\n\t<meta property=\"og:image:height\" content=\"2048\" \/>\n\t<meta property=\"og:image:type\" content=\"image\/jpeg\" \/>\n<meta name=\"twitter:card\" content=\"summary_large_image\" \/>\n<meta name=\"twitter:label1\" content=\"Est. reading time\" \/>\n\t<meta name=\"twitter:data1\" content=\"1 minute\" \/>\n<script type=\"application\/ld+json\" class=\"yoast-schema-graph\">{\"@context\":\"https:\\\/\\\/schema.org\",\"@graph\":[{\"@type\":\"WebPage\",\"@id\":\"https:\\\/\\\/mariedelage.com\\\/bebes\\\/\",\"url\":\"https:\\\/\\\/mariedelage.com\\\/bebes\\\/\",\"name\":\"Babies - Marie Delage - Osteopat\u00eda\",\"isPartOf\":{\"@id\":\"https:\\\/\\\/mariedelage.com\\\/#website\"},\"primaryImageOfPage\":{\"@id\":\"https:\\\/\\\/mariedelage.com\\\/bebes\\\/#primaryimage\"},\"image\":{\"@id\":\"https:\\\/\\\/mariedelage.com\\\/bebes\\\/#primaryimage\"},\"thumbnailUrl\":\"https:\\\/\\\/mariedelage.com\\\/wp-content\\\/uploads\\\/2022\\\/06\\\/WhatsApp-Image-2022-06-05-at-5.36.45-PM-1-768x1024.jpeg\",\"datePublished\":\"2022-06-03T19:29:36+00:00\",\"dateModified\":\"2022-08-02T17:51:48+00:00\",\"breadcrumb\":{\"@id\":\"https:\\\/\\\/mariedelage.com\\\/bebes\\\/#breadcrumb\"},\"inLanguage\":\"en-US\",\"potentialAction\":[{\"@type\":\"ReadAction\",\"target\":[\"https:\\\/\\\/mariedelage.com\\\/bebes\\\/\"]}]},{\"@type\":\"ImageObject\",\"inLanguage\":\"en-US\",\"@id\":\"https:\\\/\\\/mariedelage.com\\\/bebes\\\/#primaryimage\",\"url\":\"https:\\\/\\\/mariedelage.com\\\/wp-content\\\/uploads\\\/2022\\\/06\\\/WhatsApp-Image-2022-06-05-at-5.36.45-PM-1-768x1024.jpeg\",\"contentUrl\":\"https:\\\/\\\/mariedelage.com\\\/wp-content\\\/uploads\\\/2022\\\/06\\\/WhatsApp-Image-2022-06-05-at-5.36.45-PM-1-768x1024.jpeg\"},{\"@type\":\"BreadcrumbList\",\"@id\":\"https:\\\/\\\/mariedelage.com\\\/bebes\\\/#breadcrumb\",\"itemListElement\":[{\"@type\":\"ListItem\",\"position\":1,\"name\":\"Portada\",\"item\":\"https:\\\/\\\/mariedelage.com\\\/\"},{\"@type\":\"ListItem\",\"position\":2,\"name\":\"Babies\"}]},{\"@type\":\"WebSite\",\"@id\":\"https:\\\/\\\/mariedelage.com\\\/#website\",\"url\":\"https:\\\/\\\/mariedelage.com\\\/\",\"name\":\"Marie Delage - Osteopat\u00eda\",\"description\":\"Consulta de Osteopat\u00eda en Barcelona\",\"publisher\":{\"@id\":\"https:\\\/\\\/mariedelage.com\\\/#organization\"},\"potentialAction\":[{\"@type\":\"SearchAction\",\"target\":{\"@type\":\"EntryPoint\",\"urlTemplate\":\"https:\\\/\\\/mariedelage.com\\\/?s={search_term_string}\"},\"query-input\":{\"@type\":\"PropertyValueSpecification\",\"valueRequired\":true,\"valueName\":\"search_term_string\"}}],\"inLanguage\":\"en-US\"},{\"@type\":\"Organization\",\"@id\":\"https:\\\/\\\/mariedelage.com\\\/#organization\",\"name\":\"Marie Delage - Osteopat\u00eda\",\"url\":\"https:\\\/\\\/mariedelage.com\\\/\",\"logo\":{\"@type\":\"ImageObject\",\"inLanguage\":\"en-US\",\"@id\":\"https:\\\/\\\/mariedelage.com\\\/#\\\/schema\\\/logo\\\/image\\\/\",\"url\":\"https:\\\/\\\/mariedelage.com\\\/wp-content\\\/uploads\\\/2022\\\/06\\\/logo-marie-delage-1.png\",\"contentUrl\":\"https:\\\/\\\/mariedelage.com\\\/wp-content\\\/uploads\\\/2022\\\/06\\\/logo-marie-delage-1.png\",\"width\":691,\"height\":132,\"caption\":\"Marie Delage - Osteopat\u00eda\"},\"image\":{\"@id\":\"https:\\\/\\\/mariedelage.com\\\/#\\\/schema\\\/logo\\\/image\\\/\"}}]}<\/script>\n<!-- \/ Yoast SEO plugin. -->","yoast_head_json":{"title":"Babies - Marie Delage - Osteopat\u00eda","robots":{"index":"index","follow":"follow","max-snippet":"max-snippet:-1","max-image-preview":"max-image-preview:large","max-video-preview":"max-video-preview:-1"},"canonical":"https:\/\/mariedelage.com\/bebes\/","og_locale":"en_US","og_type":"article","og_title":"Babies - Marie Delage - Osteopat\u00eda","og_description":"Osteopathy for babies Osteopathy, especially cranial, adapts very well to the physiology of babies. It can be consulted from the first day of life, since the techniques used are very&hellip;","og_url":"https:\/\/mariedelage.com\/bebes\/","og_site_name":"Marie Delage - Osteopat\u00eda","article_modified_time":"2022-08-02T17:51:48+00:00","og_image":[{"width":1536,"height":2048,"url":"https:\/\/mariedelage.com\/wp-content\/uploads\/2022\/06\/WhatsApp-Image-2022-06-05-at-5.36.45-PM-1.jpeg","type":"image\/jpeg"}],"twitter_card":"summary_large_image","twitter_misc":{"Est. reading time":"1 minute"},"schema":{"@context":"https:\/\/schema.org","@graph":[{"@type":"WebPage","@id":"https:\/\/mariedelage.com\/bebes\/","url":"https:\/\/mariedelage.com\/bebes\/","name":"Babies - Marie Delage - Osteopat\u00eda","isPartOf":{"@id":"https:\/\/mariedelage.com\/#website"},"primaryImageOfPage":{"@id":"https:\/\/mariedelage.com\/bebes\/#primaryimage"},"image":{"@id":"https:\/\/mariedelage.com\/bebes\/#primaryimage"},"thumbnailUrl":"https:\/\/mariedelage.com\/wp-content\/uploads\/2022\/06\/WhatsApp-Image-2022-06-05-at-5.36.45-PM-1-768x1024.jpeg","datePublished":"2022-06-03T19:29:36+00:00","dateModified":"2022-08-02T17:51:48+00:00","breadcrumb":{"@id":"https:\/\/mariedelage.com\/bebes\/#breadcrumb"},"inLanguage":"en-US","potentialAction":[{"@type":"ReadAction","target":["https:\/\/mariedelage.com\/bebes\/"]}]},{"@type":"ImageObject","inLanguage":"en-US","@id":"https:\/\/mariedelage.com\/bebes\/#primaryimage","url":"https:\/\/mariedelage.com\/wp-content\/uploads\/2022\/06\/WhatsApp-Image-2022-06-05-at-5.36.45-PM-1-768x1024.jpeg","contentUrl":"https:\/\/mariedelage.com\/wp-content\/uploads\/2022\/06\/WhatsApp-Image-2022-06-05-at-5.36.45-PM-1-768x1024.jpeg"},{"@type":"BreadcrumbList","@id":"https:\/\/mariedelage.com\/bebes\/#breadcrumb","itemListElement":[{"@type":"ListItem","position":1,"name":"Portada","item":"https:\/\/mariedelage.com\/"},{"@type":"ListItem","position":2,"name":"Babies"}]},{"@type":"WebSite","@id":"https:\/\/mariedelage.com\/#website","url":"https:\/\/mariedelage.com\/","name":"Marie Delage - Osteopat\u00eda","description":"Consulta de Osteopat\u00eda en Barcelona","publisher":{"@id":"https:\/\/mariedelage.com\/#organization"},"potentialAction":[{"@type":"SearchAction","target":{"@type":"EntryPoint","urlTemplate":"https:\/\/mariedelage.com\/?s={search_term_string}"},"query-input":{"@type":"PropertyValueSpecification","valueRequired":true,"valueName":"search_term_string"}}],"inLanguage":"en-US"},{"@type":"Organization","@id":"https:\/\/mariedelage.com\/#organization","name":"Marie Delage - Osteopat\u00eda","url":"https:\/\/mariedelage.com\/","logo":{"@type":"ImageObject","inLanguage":"en-US","@id":"https:\/\/mariedelage.com\/#\/schema\/logo\/image\/","url":"https:\/\/mariedelage.com\/wp-content\/uploads\/2022\/06\/logo-marie-delage-1.png","contentUrl":"https:\/\/mariedelage.com\/wp-content\/uploads\/2022\/06\/logo-marie-delage-1.png","width":691,"height":132,"caption":"Marie Delage - Osteopat\u00eda"},"image":{"@id":"https:\/\/mariedelage.com\/#\/schema\/logo\/image\/"}}]}},"_links":{"self":[{"href":"https:\/\/mariedelage.com\/en\/wp-json\/wp\/v2\/pages\/21391","targetHints":{"allow":["GET"]}}],"collection":[{"href":"https:\/\/mariedelage.com\/en\/wp-json\/wp\/v2\/pages"}],"about":[{"href":"https:\/\/mariedelage.com\/en\/wp-json\/wp\/v2\/types\/page"}],"author":[{"embeddable":true,"href":"https:\/\/mariedelage.com\/en\/wp-json\/wp\/v2\/users\/1"}],"replies":[{"embeddable":true,"href":"https:\/\/mariedelage.com\/en\/wp-json\/wp\/v2\/comments?post=21391"}],"version-history":[{"count":3,"href":"https:\/\/mariedelage.com\/en\/wp-json\/wp\/v2\/pages\/21391\/revisions"}],"predecessor-version":[{"id":21394,"href":"https:\/\/mariedelage.com\/en\/wp-json\/wp\/v2\/pages\/21391\/revisions\/21394"}],"wp:attachment":[{"href":"https:\/\/mariedelage.com\/en\/wp-json\/wp\/v2\/media?parent=21391"}],"curies":[{"name":"wp","href":"https:\/\/api.w.org\/{rel}","templated":true}]}}