{"id":21357,"date":"2022-06-03T19:34:19","date_gmt":"2022-06-03T19:34:19","guid":{"rendered":"https:\/\/mariedelage.com\/quest-ce-que-losteopathie\/"},"modified":"2022-08-01T03:16:00","modified_gmt":"2022-08-01T03:16:00","slug":"quest-ce-que-losteopathie","status":"publish","type":"page","link":"https:\/\/mariedelage.com\/fr\/quest-ce-que-losteopathie\/","title":{"rendered":"Qu&rsquo;est ce que l&rsquo;ost\u00e9opathie?"},"content":{"rendered":"\t\t<div data-elementor-type=\"wp-page\" data-elementor-id=\"21357\" class=\"elementor elementor-21357 elementor-20662\">\n\t\t\t\t\t\t<section class=\"elementor-section elementor-top-section elementor-element elementor-element-74646f7 elementor-section-boxed elementor-section-height-default elementor-section-height-default sc_fly_static\" data-id=\"74646f7\" data-element_type=\"section\" data-e-type=\"section\">\n\t\t\t\t\t\t<div class=\"elementor-container elementor-column-gap-extended\">\n\t\t\t\t\t<div class=\"elementor-column elementor-col-100 elementor-top-column elementor-element elementor-element-d562d96 sc_content_align_inherit sc_layouts_column_icons_position_left sc_fly_static\" data-id=\"d562d96\" data-element_type=\"column\" data-e-type=\"column\">\n\t\t\t<div class=\"elementor-widget-wrap elementor-element-populated\">\n\t\t\t\t\t\t<div class=\"elementor-element elementor-element-e3db448 sc_fly_static elementor-widget elementor-widget-trx_sc_title\" data-id=\"e3db448\" data-element_type=\"widget\" data-e-type=\"widget\" data-widget_type=\"trx_sc_title.default\">\n\t\t\t\t<div class=\"elementor-widget-container\">\n\t\t\t\t\t<div\t\tclass=\"sc_title sc_title_accent\" ><h1 class=\"sc_item_title sc_title_title sc_align_center sc_item_title_style_accent sc_item_title_tag\"\n\t\t\t><span class=\"sc_item_title_text\">Qu'est ce que l'ost\u00e9opathie?<\/span><\/h1><div class=\"sc_item_descr sc_title_descr sc_align_center\"><p>L'ost\u00e9opathie est une th\u00e9rapie manuelle holistique, ce qui signifie que l'ost\u00e9opathe voit le patient dans sa globalit\u00e9 physique, psychologique et \u00e9motionnellle.<\/p>\n<\/div><\/div>\t\t\t\t<\/div>\n\t\t\t\t<\/div>\n\t\t\t\t\t<\/div>\n\t\t<\/div>\n\t\t\t\t\t<\/div>\n\t\t<\/section>\n\t\t\t\t<section class=\"elementor-section elementor-top-section elementor-element elementor-element-0cabe11 elementor-section-boxed elementor-section-height-default elementor-section-height-default sc_fly_static\" data-id=\"0cabe11\" data-element_type=\"section\" data-e-type=\"section\">\n\t\t\t\t\t\t<div class=\"elementor-container elementor-column-gap-extended\">\n\t\t\t\t\t<div class=\"elementor-column elementor-col-50 elementor-top-column elementor-element elementor-element-df9b7a1 sc_content_align_inherit sc_layouts_column_icons_position_left sc_fly_static\" data-id=\"df9b7a1\" data-element_type=\"column\" data-e-type=\"column\">\n\t\t\t<div class=\"elementor-widget-wrap elementor-element-populated\">\n\t\t\t\t\t\t<div class=\"elementor-element elementor-element-6c57e05 sc_fly_static elementor-widget elementor-widget-spacer\" data-id=\"6c57e05\" data-element_type=\"widget\" data-e-type=\"widget\" data-widget_type=\"spacer.default\">\n\t\t\t\t<div class=\"elementor-widget-container\">\n\t\t\t\t\t\t\t<div class=\"elementor-spacer\">\n\t\t\t<div class=\"elementor-spacer-inner\"><\/div>\n\t\t<\/div>\n\t\t\t\t\t\t<\/div>\n\t\t\t\t<\/div>\n\t\t\t\t<div class=\"elementor-element elementor-element-1da3c51 sc_fly_static elementor-widget elementor-widget-image\" data-id=\"1da3c51\" data-element_type=\"widget\" data-e-type=\"widget\" data-widget_type=\"image.default\">\n\t\t\t\t<div class=\"elementor-widget-container\">\n\t\t\t\t\t\t\t\t\t\t\t\t\t\t\t<img fetchpriority=\"high\" decoding=\"async\" width=\"768\" height=\"1024\" src=\"https:\/\/mariedelage.com\/wp-content\/uploads\/2022\/06\/que-es-osteopatia-768x1024.jpeg\" class=\"attachment-large size-large wp-image-21125\" alt=\"T\u00e9cnica osteop\u00e1tica suave para mejorar movilidad cervical y reducir dolor cr\u00f3nico\" srcset=\"https:\/\/mariedelage.com\/wp-content\/uploads\/2022\/06\/que-es-osteopatia-768x1024.jpeg 768w, https:\/\/mariedelage.com\/wp-content\/uploads\/2022\/06\/que-es-osteopatia-225x300.jpeg 225w, https:\/\/mariedelage.com\/wp-content\/uploads\/2022\/06\/que-es-osteopatia-370x493.jpeg 370w, https:\/\/mariedelage.com\/wp-content\/uploads\/2022\/06\/que-es-osteopatia-840x1121.jpeg 840w, https:\/\/mariedelage.com\/wp-content\/uploads\/2022\/06\/que-es-osteopatia-410x547.jpeg 410w, https:\/\/mariedelage.com\/wp-content\/uploads\/2022\/06\/que-es-osteopatia.jpeg 1072w\" sizes=\"(max-width: 768px) 100vw, 768px\" \/>\t\t\t\t\t\t\t\t\t\t\t\t\t\t\t<\/div>\n\t\t\t\t<\/div>\n\t\t\t\t\t<\/div>\n\t\t<\/div>\n\t\t\t\t<div class=\"elementor-column elementor-col-50 elementor-top-column elementor-element elementor-element-5a10a71 sc_content_align_inherit sc_layouts_column_icons_position_left sc_fly_static\" data-id=\"5a10a71\" data-element_type=\"column\" data-e-type=\"column\">\n\t\t\t<div class=\"elementor-widget-wrap elementor-element-populated\">\n\t\t\t\t\t\t<div class=\"elementor-element elementor-element-6eea014 sc_fly_static elementor-widget elementor-widget-spacer\" data-id=\"6eea014\" data-element_type=\"widget\" data-e-type=\"widget\" data-widget_type=\"spacer.default\">\n\t\t\t\t<div class=\"elementor-widget-container\">\n\t\t\t\t\t\t\t<div class=\"elementor-spacer\">\n\t\t\t<div class=\"elementor-spacer-inner\"><\/div>\n\t\t<\/div>\n\t\t\t\t\t\t<\/div>\n\t\t\t\t<\/div>\n\t\t\t\t<div class=\"elementor-element elementor-element-34e79dd sc_fly_static elementor-widget elementor-widget-text-editor\" data-id=\"34e79dd\" data-element_type=\"widget\" data-e-type=\"widget\" data-widget_type=\"text-editor.default\">\n\t\t\t\t<div class=\"elementor-widget-container\">\n\t\t\t\t\t\t\t\t\t<p>Le corps est consid\u00e9r\u00e9 comme un tout, chaque partie pouvant influencer les autres. Pour cette raison, une grande importance est accord\u00e9e \u00e0 l&rsquo;histoire du patient, \u00e0 ses l\u00e9sions et pathologies ant\u00e9rieures qui peuvent avoir cr\u00e9\u00e9 un d\u00e9s\u00e9quilibre dans le corps.<\/p><p>Le corps a une grande capacit\u00e9 d&rsquo;adaptation et tend vers la sant\u00e9. L&rsquo;ost\u00e9opathe cherche \u00e0 lib\u00e9rer les blocages et les restrictions de l&rsquo;organisme et ainsi \u00e0 l&rsquo;aider \u00e0 retrouver son \u00e9quilibre et \u00e0 r\u00e9tablir l&rsquo;<strong>hom\u00e9ostasie<\/strong> (capacit\u00e9 de l&rsquo;organisme \u00e0 s&rsquo;autor\u00e9guler).<\/p><p><br>Le traitement ost\u00e9opathique consiste \u00e0 traiter les <strong>dysfonctions de mobilit\u00e9<\/strong> de la colonne vert\u00e9brale, des articulations, du syst\u00e8me musculaire, des visc\u00e8res, du cr\u00e2ne. L&rsquo;objectif est de r\u00e9tablir l&rsquo;\u00e9quilibre du corps en r\u00e9activant ses <strong>m\u00e9canismes d&rsquo;auto-gu\u00e9rison<\/strong> avec diverses techniques th\u00e9rapeutiques : manipulations articulaires et musculaires, techniques fonctionnelles, visc\u00e9rales et cr\u00e2niennes.<br><br>Chaque traitement est unique et une approche personnelle doit toujours \u00eatre suivie.<br><br>L&rsquo;<strong>ost\u00e9opathie<\/strong> essaie de comprendre les l\u00e9sions du corps humain de mani\u00e8re logique, en apportant une explication pour chaque dysfonction.<br><br>Pour cela, un diagnostic ost\u00e9opathique est \u00e9tabli, ce qui permet de d\u00e9terminer <strong>les causes<\/strong> qui produisent la l\u00e9sion ou la dysfonction. L&rsquo;ost\u00e9opathie ne traite pas seulement le sympt\u00f4me (la douleur) mais va plus loin en cherchant \u00e0 corriger l&rsquo;origine du probl\u00e8me.<\/p>\t\t\t\t\t\t\t\t<\/div>\n\t\t\t\t<\/div>\n\t\t\t\t\t<\/div>\n\t\t<\/div>\n\t\t\t\t\t<\/div>\n\t\t<\/section>\n\t\t\t\t<\/div>\n\t\t","protected":false},"excerpt":{"rendered":"<p>Qu&rsquo;est ce que l&rsquo;ost\u00e9opathie? L&rsquo;ost\u00e9opathie est une th\u00e9rapie manuelle holistique, ce qui signifie que l&rsquo;ost\u00e9opathe voit le patient dans sa globalit\u00e9 physique, psychologique et \u00e9motionnellle. Le corps est consid\u00e9r\u00e9 comme&hellip;<\/p>\n","protected":false},"author":1,"featured_media":0,"parent":0,"menu_order":0,"comment_status":"closed","ping_status":"closed","template":"","meta":{"footnotes":""},"class_list":["post-21357","page","type-page","status-publish","hentry"],"yoast_head":"<!-- This site is optimized with the Yoast SEO plugin v27.4 - https:\/\/yoast.com\/product\/yoast-seo-wordpress\/ -->\n<title>Qu&#039;est ce que l&#039;ost\u00e9opathie? - Marie Delage - Osteopat\u00eda<\/title>\n<meta name=\"robots\" content=\"index, follow, max-snippet:-1, max-image-preview:large, max-video-preview:-1\" \/>\n<link rel=\"canonical\" href=\"https:\/\/mariedelage.com\/que-es-la-osteopatia\/\" \/>\n<meta property=\"og:locale\" content=\"fr_FR\" \/>\n<meta property=\"og:type\" content=\"article\" \/>\n<meta property=\"og:title\" content=\"Qu&#039;est ce que l&#039;ost\u00e9opathie? - Marie Delage - Osteopat\u00eda\" \/>\n<meta property=\"og:description\" content=\"Qu&rsquo;est ce que l&rsquo;ost\u00e9opathie? L&rsquo;ost\u00e9opathie est une th\u00e9rapie manuelle holistique, ce qui signifie que l&rsquo;ost\u00e9opathe voit le patient dans sa globalit\u00e9 physique, psychologique et \u00e9motionnellle. Le corps est consid\u00e9r\u00e9 comme&hellip;\" \/>\n<meta property=\"og:url\" content=\"https:\/\/mariedelage.com\/que-es-la-osteopatia\/\" \/>\n<meta property=\"og:site_name\" content=\"Marie Delage - Osteopat\u00eda\" \/>\n<meta property=\"article:modified_time\" content=\"2022-08-01T03:16:00+00:00\" \/>\n<meta property=\"og:image\" content=\"https:\/\/mariedelage.com\/wp-content\/uploads\/2022\/06\/que-es-osteopatia.jpeg\" \/>\n\t<meta property=\"og:image:width\" content=\"1072\" \/>\n\t<meta property=\"og:image:height\" content=\"1430\" \/>\n\t<meta property=\"og:image:type\" content=\"image\/jpeg\" \/>\n<meta name=\"twitter:card\" content=\"summary_large_image\" \/>\n<meta name=\"twitter:label1\" content=\"Dur\u00e9e de lecture estim\u00e9e\" \/>\n\t<meta name=\"twitter:data1\" content=\"1 minute\" \/>\n<script type=\"application\/ld+json\" class=\"yoast-schema-graph\">{\"@context\":\"https:\\\/\\\/schema.org\",\"@graph\":[{\"@type\":\"WebPage\",\"@id\":\"https:\\\/\\\/mariedelage.com\\\/que-es-la-osteopatia\\\/\",\"url\":\"https:\\\/\\\/mariedelage.com\\\/que-es-la-osteopatia\\\/\",\"name\":\"Qu'est ce que l'ost\u00e9opathie? - Marie Delage - Osteopat\u00eda\",\"isPartOf\":{\"@id\":\"https:\\\/\\\/mariedelage.com\\\/#website\"},\"primaryImageOfPage\":{\"@id\":\"https:\\\/\\\/mariedelage.com\\\/que-es-la-osteopatia\\\/#primaryimage\"},\"image\":{\"@id\":\"https:\\\/\\\/mariedelage.com\\\/que-es-la-osteopatia\\\/#primaryimage\"},\"thumbnailUrl\":\"https:\\\/\\\/mariedelage.com\\\/wp-content\\\/uploads\\\/2022\\\/06\\\/que-es-osteopatia-768x1024.jpeg\",\"datePublished\":\"2022-06-03T19:34:19+00:00\",\"dateModified\":\"2022-08-01T03:16:00+00:00\",\"breadcrumb\":{\"@id\":\"https:\\\/\\\/mariedelage.com\\\/que-es-la-osteopatia\\\/#breadcrumb\"},\"inLanguage\":\"fr-FR\",\"potentialAction\":[{\"@type\":\"ReadAction\",\"target\":[\"https:\\\/\\\/mariedelage.com\\\/que-es-la-osteopatia\\\/\"]}]},{\"@type\":\"ImageObject\",\"inLanguage\":\"fr-FR\",\"@id\":\"https:\\\/\\\/mariedelage.com\\\/que-es-la-osteopatia\\\/#primaryimage\",\"url\":\"https:\\\/\\\/mariedelage.com\\\/wp-content\\\/uploads\\\/2022\\\/06\\\/que-es-osteopatia-768x1024.jpeg\",\"contentUrl\":\"https:\\\/\\\/mariedelage.com\\\/wp-content\\\/uploads\\\/2022\\\/06\\\/que-es-osteopatia-768x1024.jpeg\"},{\"@type\":\"BreadcrumbList\",\"@id\":\"https:\\\/\\\/mariedelage.com\\\/que-es-la-osteopatia\\\/#breadcrumb\",\"itemListElement\":[{\"@type\":\"ListItem\",\"position\":1,\"name\":\"Portada\",\"item\":\"https:\\\/\\\/mariedelage.com\\\/\"},{\"@type\":\"ListItem\",\"position\":2,\"name\":\"Qu&#8217;est ce que l&#8217;ost\u00e9opathie?\"}]},{\"@type\":\"WebSite\",\"@id\":\"https:\\\/\\\/mariedelage.com\\\/#website\",\"url\":\"https:\\\/\\\/mariedelage.com\\\/\",\"name\":\"Marie Delage - Osteopat\u00eda\",\"description\":\"Consulta de Osteopat\u00eda en Barcelona\",\"publisher\":{\"@id\":\"https:\\\/\\\/mariedelage.com\\\/#organization\"},\"potentialAction\":[{\"@type\":\"SearchAction\",\"target\":{\"@type\":\"EntryPoint\",\"urlTemplate\":\"https:\\\/\\\/mariedelage.com\\\/?s={search_term_string}\"},\"query-input\":{\"@type\":\"PropertyValueSpecification\",\"valueRequired\":true,\"valueName\":\"search_term_string\"}}],\"inLanguage\":\"fr-FR\"},{\"@type\":\"Organization\",\"@id\":\"https:\\\/\\\/mariedelage.com\\\/#organization\",\"name\":\"Marie Delage - Osteopat\u00eda\",\"url\":\"https:\\\/\\\/mariedelage.com\\\/\",\"logo\":{\"@type\":\"ImageObject\",\"inLanguage\":\"fr-FR\",\"@id\":\"https:\\\/\\\/mariedelage.com\\\/#\\\/schema\\\/logo\\\/image\\\/\",\"url\":\"https:\\\/\\\/mariedelage.com\\\/wp-content\\\/uploads\\\/2022\\\/06\\\/logo-marie-delage-1.png\",\"contentUrl\":\"https:\\\/\\\/mariedelage.com\\\/wp-content\\\/uploads\\\/2022\\\/06\\\/logo-marie-delage-1.png\",\"width\":691,\"height\":132,\"caption\":\"Marie Delage - Osteopat\u00eda\"},\"image\":{\"@id\":\"https:\\\/\\\/mariedelage.com\\\/#\\\/schema\\\/logo\\\/image\\\/\"}}]}<\/script>\n<!-- \/ Yoast SEO plugin. -->","yoast_head_json":{"title":"Qu'est ce que l'ost\u00e9opathie? - Marie Delage - Osteopat\u00eda","robots":{"index":"index","follow":"follow","max-snippet":"max-snippet:-1","max-image-preview":"max-image-preview:large","max-video-preview":"max-video-preview:-1"},"canonical":"https:\/\/mariedelage.com\/que-es-la-osteopatia\/","og_locale":"fr_FR","og_type":"article","og_title":"Qu'est ce que l'ost\u00e9opathie? - Marie Delage - Osteopat\u00eda","og_description":"Qu&rsquo;est ce que l&rsquo;ost\u00e9opathie? L&rsquo;ost\u00e9opathie est une th\u00e9rapie manuelle holistique, ce qui signifie que l&rsquo;ost\u00e9opathe voit le patient dans sa globalit\u00e9 physique, psychologique et \u00e9motionnellle. Le corps est consid\u00e9r\u00e9 comme&hellip;","og_url":"https:\/\/mariedelage.com\/que-es-la-osteopatia\/","og_site_name":"Marie Delage - Osteopat\u00eda","article_modified_time":"2022-08-01T03:16:00+00:00","og_image":[{"width":1072,"height":1430,"url":"https:\/\/mariedelage.com\/wp-content\/uploads\/2022\/06\/que-es-osteopatia.jpeg","type":"image\/jpeg"}],"twitter_card":"summary_large_image","twitter_misc":{"Dur\u00e9e de lecture estim\u00e9e":"1 minute"},"schema":{"@context":"https:\/\/schema.org","@graph":[{"@type":"WebPage","@id":"https:\/\/mariedelage.com\/que-es-la-osteopatia\/","url":"https:\/\/mariedelage.com\/que-es-la-osteopatia\/","name":"Qu'est ce que l'ost\u00e9opathie? - Marie Delage - Osteopat\u00eda","isPartOf":{"@id":"https:\/\/mariedelage.com\/#website"},"primaryImageOfPage":{"@id":"https:\/\/mariedelage.com\/que-es-la-osteopatia\/#primaryimage"},"image":{"@id":"https:\/\/mariedelage.com\/que-es-la-osteopatia\/#primaryimage"},"thumbnailUrl":"https:\/\/mariedelage.com\/wp-content\/uploads\/2022\/06\/que-es-osteopatia-768x1024.jpeg","datePublished":"2022-06-03T19:34:19+00:00","dateModified":"2022-08-01T03:16:00+00:00","breadcrumb":{"@id":"https:\/\/mariedelage.com\/que-es-la-osteopatia\/#breadcrumb"},"inLanguage":"fr-FR","potentialAction":[{"@type":"ReadAction","target":["https:\/\/mariedelage.com\/que-es-la-osteopatia\/"]}]},{"@type":"ImageObject","inLanguage":"fr-FR","@id":"https:\/\/mariedelage.com\/que-es-la-osteopatia\/#primaryimage","url":"https:\/\/mariedelage.com\/wp-content\/uploads\/2022\/06\/que-es-osteopatia-768x1024.jpeg","contentUrl":"https:\/\/mariedelage.com\/wp-content\/uploads\/2022\/06\/que-es-osteopatia-768x1024.jpeg"},{"@type":"BreadcrumbList","@id":"https:\/\/mariedelage.com\/que-es-la-osteopatia\/#breadcrumb","itemListElement":[{"@type":"ListItem","position":1,"name":"Portada","item":"https:\/\/mariedelage.com\/"},{"@type":"ListItem","position":2,"name":"Qu&#8217;est ce que l&#8217;ost\u00e9opathie?"}]},{"@type":"WebSite","@id":"https:\/\/mariedelage.com\/#website","url":"https:\/\/mariedelage.com\/","name":"Marie Delage - Osteopat\u00eda","description":"Consulta de Osteopat\u00eda en Barcelona","publisher":{"@id":"https:\/\/mariedelage.com\/#organization"},"potentialAction":[{"@type":"SearchAction","target":{"@type":"EntryPoint","urlTemplate":"https:\/\/mariedelage.com\/?s={search_term_string}"},"query-input":{"@type":"PropertyValueSpecification","valueRequired":true,"valueName":"search_term_string"}}],"inLanguage":"fr-FR"},{"@type":"Organization","@id":"https:\/\/mariedelage.com\/#organization","name":"Marie Delage - Osteopat\u00eda","url":"https:\/\/mariedelage.com\/","logo":{"@type":"ImageObject","inLanguage":"fr-FR","@id":"https:\/\/mariedelage.com\/#\/schema\/logo\/image\/","url":"https:\/\/mariedelage.com\/wp-content\/uploads\/2022\/06\/logo-marie-delage-1.png","contentUrl":"https:\/\/mariedelage.com\/wp-content\/uploads\/2022\/06\/logo-marie-delage-1.png","width":691,"height":132,"caption":"Marie Delage - Osteopat\u00eda"},"image":{"@id":"https:\/\/mariedelage.com\/#\/schema\/logo\/image\/"}}]}},"_links":{"self":[{"href":"https:\/\/mariedelage.com\/fr\/wp-json\/wp\/v2\/pages\/21357","targetHints":{"allow":["GET"]}}],"collection":[{"href":"https:\/\/mariedelage.com\/fr\/wp-json\/wp\/v2\/pages"}],"about":[{"href":"https:\/\/mariedelage.com\/fr\/wp-json\/wp\/v2\/types\/page"}],"author":[{"embeddable":true,"href":"https:\/\/mariedelage.com\/fr\/wp-json\/wp\/v2\/users\/1"}],"replies":[{"embeddable":true,"href":"https:\/\/mariedelage.com\/fr\/wp-json\/wp\/v2\/comments?post=21357"}],"version-history":[{"count":3,"href":"https:\/\/mariedelage.com\/fr\/wp-json\/wp\/v2\/pages\/21357\/revisions"}],"predecessor-version":[{"id":21386,"href":"https:\/\/mariedelage.com\/fr\/wp-json\/wp\/v2\/pages\/21357\/revisions\/21386"}],"wp:attachment":[{"href":"https:\/\/mariedelage.com\/fr\/wp-json\/wp\/v2\/media?parent=21357"}],"curies":[{"name":"wp","href":"https:\/\/api.w.org\/{rel}","templated":true}]}}