{"id":21361,"date":"2022-06-03T16:40:58","date_gmt":"2022-06-03T16:40:58","guid":{"rendered":"https:\/\/mariedelage.com\/adultes\/"},"modified":"2022-07-28T09:34:44","modified_gmt":"2022-07-28T09:34:44","slug":"adultes","status":"publish","type":"page","link":"https:\/\/mariedelage.com\/fr\/adultes\/","title":{"rendered":"Adultes"},"content":{"rendered":"\t\t<div data-elementor-type=\"wp-page\" data-elementor-id=\"21361\" class=\"elementor elementor-21361 elementor-20596\">\n\t\t\t\t\t\t<section class=\"elementor-section elementor-top-section elementor-element elementor-element-d24ec4e elementor-section-boxed elementor-section-height-default elementor-section-height-default sc_fly_static\" data-id=\"d24ec4e\" data-element_type=\"section\" data-e-type=\"section\">\n\t\t\t\t\t\t<div class=\"elementor-container elementor-column-gap-extended\">\n\t\t\t\t\t<div class=\"elementor-column elementor-col-100 elementor-top-column elementor-element elementor-element-3d1080a sc_content_align_inherit sc_layouts_column_icons_position_left sc_fly_static\" data-id=\"3d1080a\" data-element_type=\"column\" data-e-type=\"column\">\n\t\t\t<div class=\"elementor-widget-wrap elementor-element-populated\">\n\t\t\t\t\t\t<div class=\"elementor-element elementor-element-d192596 elementor-widget__width-initial sc_fly_static elementor-widget elementor-widget-trx_sc_title\" data-id=\"d192596\" data-element_type=\"widget\" data-e-type=\"widget\" data-widget_type=\"trx_sc_title.default\">\n\t\t\t\t<div class=\"elementor-widget-container\">\n\t\t\t\t\t<div\t\tclass=\"sc_title sc_title_accent\" ><h1 class=\"sc_item_title sc_title_title sc_align_center sc_item_title_style_accent sc_item_title_tag\"\n\t\t\t><span class=\"sc_item_title_text\">Ost\u00e9opathie pour les adultes<\/span><\/h1><div class=\"sc_item_descr sc_title_descr sc_align_center\"><p>L'ost\u00e9opathie est une th\u00e9rapie tr\u00e8s compl\u00e8te utilisant une grande vari\u00e9t\u00e9 de techniques et d'approches, ce qui lui permet de s'adapter \u00e0 tous les profils de patients, de tout \u00e2ge et profession<\/p>\n<\/div><\/div>\t\t\t\t<\/div>\n\t\t\t\t<\/div>\n\t\t\t\t\t<\/div>\n\t\t<\/div>\n\t\t\t\t\t<\/div>\n\t\t<\/section>\n\t\t\t\t<section class=\"elementor-section elementor-top-section elementor-element elementor-element-cc7e711 elementor-section-boxed elementor-section-height-default elementor-section-height-default sc_fly_static\" data-id=\"cc7e711\" data-element_type=\"section\" data-e-type=\"section\">\n\t\t\t\t\t\t<div class=\"elementor-container elementor-column-gap-extended\">\n\t\t\t\t\t<div class=\"elementor-column elementor-col-100 elementor-top-column elementor-element elementor-element-859f0c1 sc_content_align_inherit sc_layouts_column_icons_position_left sc_fly_static\" data-id=\"859f0c1\" data-element_type=\"column\" data-e-type=\"column\">\n\t\t\t<div class=\"elementor-widget-wrap elementor-element-populated\">\n\t\t\t\t\t\t<section class=\"elementor-section elementor-inner-section elementor-element elementor-element-cd2f9b0 elementor-section-boxed elementor-section-height-default elementor-section-height-default sc_fly_static\" data-id=\"cd2f9b0\" data-element_type=\"section\" data-e-type=\"section\">\n\t\t\t\t\t\t<div class=\"elementor-container elementor-column-gap-extended\">\n\t\t\t\t\t<div class=\"elementor-column elementor-col-50 elementor-inner-column elementor-element elementor-element-9da925a sc_content_align_inherit sc_layouts_column_icons_position_left sc_fly_static\" data-id=\"9da925a\" data-element_type=\"column\" data-e-type=\"column\">\n\t\t\t<div class=\"elementor-widget-wrap elementor-element-populated\">\n\t\t\t\t\t\t<div class=\"elementor-element elementor-element-eda7d1e sc_fly_static elementor-widget elementor-widget-spacer\" data-id=\"eda7d1e\" data-element_type=\"widget\" data-e-type=\"widget\" data-widget_type=\"spacer.default\">\n\t\t\t\t<div class=\"elementor-widget-container\">\n\t\t\t\t\t\t\t<div class=\"elementor-spacer\">\n\t\t\t<div class=\"elementor-spacer-inner\"><\/div>\n\t\t<\/div>\n\t\t\t\t\t\t<\/div>\n\t\t\t\t<\/div>\n\t\t\t\t<div class=\"elementor-element elementor-element-e7a6fe6 sc_fly_static elementor-widget elementor-widget-image\" data-id=\"e7a6fe6\" data-element_type=\"widget\" data-e-type=\"widget\" data-widget_type=\"image.default\">\n\t\t\t\t<div class=\"elementor-widget-container\">\n\t\t\t\t\t\t\t\t\t\t\t\t\t\t\t<img fetchpriority=\"high\" decoding=\"async\" width=\"1024\" height=\"768\" src=\"https:\/\/mariedelage.com\/wp-content\/uploads\/2022\/06\/00c56ff0-695c-412d-ac05-cf7b028d26cc-1024x768.jpg\" class=\"attachment-large size-large wp-image-21091\" alt=\"Aplicaci\u00f3n de masaje osteop\u00e1tico para aliviar dolor de espalda media y tensiones\" srcset=\"https:\/\/mariedelage.com\/wp-content\/uploads\/2022\/06\/00c56ff0-695c-412d-ac05-cf7b028d26cc-1024x768.jpg 1024w, https:\/\/mariedelage.com\/wp-content\/uploads\/2022\/06\/00c56ff0-695c-412d-ac05-cf7b028d26cc-300x225.jpg 300w, https:\/\/mariedelage.com\/wp-content\/uploads\/2022\/06\/00c56ff0-695c-412d-ac05-cf7b028d26cc-768x576.jpg 768w, https:\/\/mariedelage.com\/wp-content\/uploads\/2022\/06\/00c56ff0-695c-412d-ac05-cf7b028d26cc-370x278.jpg 370w, https:\/\/mariedelage.com\/wp-content\/uploads\/2022\/06\/00c56ff0-695c-412d-ac05-cf7b028d26cc-840x630.jpg 840w, https:\/\/mariedelage.com\/wp-content\/uploads\/2022\/06\/00c56ff0-695c-412d-ac05-cf7b028d26cc-410x308.jpg 410w, https:\/\/mariedelage.com\/wp-content\/uploads\/2022\/06\/00c56ff0-695c-412d-ac05-cf7b028d26cc.jpg 1340w\" sizes=\"(max-width: 1024px) 100vw, 1024px\" \/>\t\t\t\t\t\t\t\t\t\t\t\t\t\t\t<\/div>\n\t\t\t\t<\/div>\n\t\t\t\t\t<\/div>\n\t\t<\/div>\n\t\t\t\t<div class=\"elementor-column elementor-col-50 elementor-inner-column elementor-element elementor-element-9943579 sc_content_align_inherit sc_layouts_column_icons_position_left sc_fly_static\" data-id=\"9943579\" data-element_type=\"column\" data-e-type=\"column\">\n\t\t\t<div class=\"elementor-widget-wrap elementor-element-populated\">\n\t\t\t\t\t\t<div class=\"elementor-element elementor-element-2682517 sc_fly_static elementor-widget elementor-widget-spacer\" data-id=\"2682517\" data-element_type=\"widget\" data-e-type=\"widget\" data-widget_type=\"spacer.default\">\n\t\t\t\t<div class=\"elementor-widget-container\">\n\t\t\t\t\t\t\t<div class=\"elementor-spacer\">\n\t\t\t<div class=\"elementor-spacer-inner\"><\/div>\n\t\t<\/div>\n\t\t\t\t\t\t<\/div>\n\t\t\t\t<\/div>\n\t\t\t\t<div class=\"elementor-element elementor-element-b74342e sc_fly_static elementor-widget elementor-widget-text-editor\" data-id=\"b74342e\" data-element_type=\"widget\" data-e-type=\"widget\" data-widget_type=\"text-editor.default\">\n\t\t\t\t<div class=\"elementor-widget-container\">\n\t\t\t\t\t\t\t\t\t<h3>A quoi sert l&rsquo;ost\u00e9opathie?<\/h3><ul><li><strong>Dysfonctions musculo-squelettiques<\/strong> : Douleurs vert\u00e9brales (cervicalgie, dorsalgie, lombalgie), sciatique, hernie discale, coup du lapin, contractures, arthrose, scoliose&#8230;<\/li><li><strong>L\u00e9sions sportives<\/strong> : entorses, tendinites, r\u00e9\u00e9ducation apr\u00e8s fracture, pr\u00e9vention des l\u00e9sions et de leurs r\u00e9cidives<\/li><li><strong>Troubles digestifs<\/strong>: reflux gastrique, hernie hiatale, digestions lentes, constipation, ballonnements, syndrome du c\u00f4lon irritable<\/li><li><strong> Dysfonctions g\u00e9nito-urinaires : r\u00e8gles douloureuses, syndrome pr\u00e9menstruel et m\u00e9nopausique, incontinence urinaire, cystites r\u00e9currentes, infertilit\u00e9 fonctionnelle<\/strong><\/li><li><strong>Dysfonctions respiratoires<\/strong>: Asthme, difficult\u00e9 \u00e0 respirer profond\u00e9ment, anxi\u00e9t\u00e9<\/li><li><strong>Dysfonctions ORL<\/strong> : Vertiges, sinusite, rhinite<\/li><li><strong>Alt\u00e9rations du syst\u00e8me nerveux<\/strong>: Stress, anxi\u00e9t\u00e9, d\u00e9pression, fatigue, c\u00e9phal\u00e9es de tension, migraines, n\u00e9vralgies, insomnie, douleurs chroniques&#8230;<\/li><li><strong>Dysfonctionnements de l&rsquo;articulation temporo-mandibulaire<\/strong> : bruxisme, blocage ou craquement de la m\u00e2choire, malocclusion<\/li><\/ul>\t\t\t\t\t\t\t\t<\/div>\n\t\t\t\t<\/div>\n\t\t\t\t\t<\/div>\n\t\t<\/div>\n\t\t\t\t\t<\/div>\n\t\t<\/section>\n\t\t\t\t\t<\/div>\n\t\t<\/div>\n\t\t\t\t\t<\/div>\n\t\t<\/section>\n\t\t\t\t<\/div>\n\t\t","protected":false},"excerpt":{"rendered":"<p>Ost\u00e9opathie pour les adultes L&rsquo;ost\u00e9opathie est une th\u00e9rapie tr\u00e8s compl\u00e8te utilisant une grande vari\u00e9t\u00e9 de techniques et d&rsquo;approches, ce qui lui permet de s&rsquo;adapter \u00e0 tous les profils de patients,&hellip;<\/p>\n","protected":false},"author":1,"featured_media":0,"parent":0,"menu_order":0,"comment_status":"closed","ping_status":"closed","template":"","meta":{"footnotes":""},"class_list":["post-21361","page","type-page","status-publish","hentry"],"yoast_head":"<!-- This site is optimized with the Yoast SEO plugin v27.4 - https:\/\/yoast.com\/product\/yoast-seo-wordpress\/ -->\n<title>Adultes - Marie Delage - Osteopat\u00eda<\/title>\n<meta name=\"robots\" content=\"index, follow, max-snippet:-1, max-image-preview:large, max-video-preview:-1\" \/>\n<link rel=\"canonical\" href=\"https:\/\/mariedelage.com\/adultos\/\" \/>\n<meta property=\"og:locale\" content=\"fr_FR\" \/>\n<meta property=\"og:type\" content=\"article\" \/>\n<meta property=\"og:title\" content=\"Adultes - Marie Delage - Osteopat\u00eda\" \/>\n<meta property=\"og:description\" content=\"Ost\u00e9opathie pour les adultes L&rsquo;ost\u00e9opathie est une th\u00e9rapie tr\u00e8s compl\u00e8te utilisant une grande vari\u00e9t\u00e9 de techniques et d&rsquo;approches, ce qui lui permet de s&rsquo;adapter \u00e0 tous les profils de patients,&hellip;\" \/>\n<meta property=\"og:url\" content=\"https:\/\/mariedelage.com\/adultos\/\" \/>\n<meta property=\"og:site_name\" content=\"Marie Delage - Osteopat\u00eda\" \/>\n<meta property=\"article:modified_time\" content=\"2022-07-28T09:34:44+00:00\" \/>\n<meta property=\"og:image\" content=\"https:\/\/mariedelage.com\/wp-content\/uploads\/2022\/06\/00c56ff0-695c-412d-ac05-cf7b028d26cc.jpg\" \/>\n\t<meta property=\"og:image:width\" content=\"1340\" \/>\n\t<meta property=\"og:image:height\" content=\"1005\" \/>\n\t<meta property=\"og:image:type\" content=\"image\/jpeg\" \/>\n<meta name=\"twitter:card\" content=\"summary_large_image\" \/>\n<meta name=\"twitter:label1\" content=\"Dur\u00e9e de lecture estim\u00e9e\" \/>\n\t<meta name=\"twitter:data1\" content=\"1 minute\" \/>\n<script type=\"application\/ld+json\" class=\"yoast-schema-graph\">{\"@context\":\"https:\\\/\\\/schema.org\",\"@graph\":[{\"@type\":\"WebPage\",\"@id\":\"https:\\\/\\\/mariedelage.com\\\/adultos\\\/\",\"url\":\"https:\\\/\\\/mariedelage.com\\\/adultos\\\/\",\"name\":\"Adultes - Marie Delage - Osteopat\u00eda\",\"isPartOf\":{\"@id\":\"https:\\\/\\\/mariedelage.com\\\/#website\"},\"primaryImageOfPage\":{\"@id\":\"https:\\\/\\\/mariedelage.com\\\/adultos\\\/#primaryimage\"},\"image\":{\"@id\":\"https:\\\/\\\/mariedelage.com\\\/adultos\\\/#primaryimage\"},\"thumbnailUrl\":\"https:\\\/\\\/mariedelage.com\\\/wp-content\\\/uploads\\\/2022\\\/06\\\/00c56ff0-695c-412d-ac05-cf7b028d26cc-1024x768.jpg\",\"datePublished\":\"2022-06-03T16:40:58+00:00\",\"dateModified\":\"2022-07-28T09:34:44+00:00\",\"breadcrumb\":{\"@id\":\"https:\\\/\\\/mariedelage.com\\\/adultos\\\/#breadcrumb\"},\"inLanguage\":\"fr-FR\",\"potentialAction\":[{\"@type\":\"ReadAction\",\"target\":[\"https:\\\/\\\/mariedelage.com\\\/adultos\\\/\"]}]},{\"@type\":\"ImageObject\",\"inLanguage\":\"fr-FR\",\"@id\":\"https:\\\/\\\/mariedelage.com\\\/adultos\\\/#primaryimage\",\"url\":\"https:\\\/\\\/mariedelage.com\\\/wp-content\\\/uploads\\\/2022\\\/06\\\/00c56ff0-695c-412d-ac05-cf7b028d26cc-1024x768.jpg\",\"contentUrl\":\"https:\\\/\\\/mariedelage.com\\\/wp-content\\\/uploads\\\/2022\\\/06\\\/00c56ff0-695c-412d-ac05-cf7b028d26cc-1024x768.jpg\"},{\"@type\":\"BreadcrumbList\",\"@id\":\"https:\\\/\\\/mariedelage.com\\\/adultos\\\/#breadcrumb\",\"itemListElement\":[{\"@type\":\"ListItem\",\"position\":1,\"name\":\"Portada\",\"item\":\"https:\\\/\\\/mariedelage.com\\\/\"},{\"@type\":\"ListItem\",\"position\":2,\"name\":\"Adultes\"}]},{\"@type\":\"WebSite\",\"@id\":\"https:\\\/\\\/mariedelage.com\\\/#website\",\"url\":\"https:\\\/\\\/mariedelage.com\\\/\",\"name\":\"Marie Delage - Osteopat\u00eda\",\"description\":\"Consulta de Osteopat\u00eda en Barcelona\",\"publisher\":{\"@id\":\"https:\\\/\\\/mariedelage.com\\\/#organization\"},\"potentialAction\":[{\"@type\":\"SearchAction\",\"target\":{\"@type\":\"EntryPoint\",\"urlTemplate\":\"https:\\\/\\\/mariedelage.com\\\/?s={search_term_string}\"},\"query-input\":{\"@type\":\"PropertyValueSpecification\",\"valueRequired\":true,\"valueName\":\"search_term_string\"}}],\"inLanguage\":\"fr-FR\"},{\"@type\":\"Organization\",\"@id\":\"https:\\\/\\\/mariedelage.com\\\/#organization\",\"name\":\"Marie Delage - Osteopat\u00eda\",\"url\":\"https:\\\/\\\/mariedelage.com\\\/\",\"logo\":{\"@type\":\"ImageObject\",\"inLanguage\":\"fr-FR\",\"@id\":\"https:\\\/\\\/mariedelage.com\\\/#\\\/schema\\\/logo\\\/image\\\/\",\"url\":\"https:\\\/\\\/mariedelage.com\\\/wp-content\\\/uploads\\\/2022\\\/06\\\/logo-marie-delage-1.png\",\"contentUrl\":\"https:\\\/\\\/mariedelage.com\\\/wp-content\\\/uploads\\\/2022\\\/06\\\/logo-marie-delage-1.png\",\"width\":691,\"height\":132,\"caption\":\"Marie Delage - Osteopat\u00eda\"},\"image\":{\"@id\":\"https:\\\/\\\/mariedelage.com\\\/#\\\/schema\\\/logo\\\/image\\\/\"}}]}<\/script>\n<!-- \/ Yoast SEO plugin. -->","yoast_head_json":{"title":"Adultes - Marie Delage - Osteopat\u00eda","robots":{"index":"index","follow":"follow","max-snippet":"max-snippet:-1","max-image-preview":"max-image-preview:large","max-video-preview":"max-video-preview:-1"},"canonical":"https:\/\/mariedelage.com\/adultos\/","og_locale":"fr_FR","og_type":"article","og_title":"Adultes - Marie Delage - Osteopat\u00eda","og_description":"Ost\u00e9opathie pour les adultes L&rsquo;ost\u00e9opathie est une th\u00e9rapie tr\u00e8s compl\u00e8te utilisant une grande vari\u00e9t\u00e9 de techniques et d&rsquo;approches, ce qui lui permet de s&rsquo;adapter \u00e0 tous les profils de patients,&hellip;","og_url":"https:\/\/mariedelage.com\/adultos\/","og_site_name":"Marie Delage - Osteopat\u00eda","article_modified_time":"2022-07-28T09:34:44+00:00","og_image":[{"width":1340,"height":1005,"url":"https:\/\/mariedelage.com\/wp-content\/uploads\/2022\/06\/00c56ff0-695c-412d-ac05-cf7b028d26cc.jpg","type":"image\/jpeg"}],"twitter_card":"summary_large_image","twitter_misc":{"Dur\u00e9e de lecture estim\u00e9e":"1 minute"},"schema":{"@context":"https:\/\/schema.org","@graph":[{"@type":"WebPage","@id":"https:\/\/mariedelage.com\/adultos\/","url":"https:\/\/mariedelage.com\/adultos\/","name":"Adultes - Marie Delage - Osteopat\u00eda","isPartOf":{"@id":"https:\/\/mariedelage.com\/#website"},"primaryImageOfPage":{"@id":"https:\/\/mariedelage.com\/adultos\/#primaryimage"},"image":{"@id":"https:\/\/mariedelage.com\/adultos\/#primaryimage"},"thumbnailUrl":"https:\/\/mariedelage.com\/wp-content\/uploads\/2022\/06\/00c56ff0-695c-412d-ac05-cf7b028d26cc-1024x768.jpg","datePublished":"2022-06-03T16:40:58+00:00","dateModified":"2022-07-28T09:34:44+00:00","breadcrumb":{"@id":"https:\/\/mariedelage.com\/adultos\/#breadcrumb"},"inLanguage":"fr-FR","potentialAction":[{"@type":"ReadAction","target":["https:\/\/mariedelage.com\/adultos\/"]}]},{"@type":"ImageObject","inLanguage":"fr-FR","@id":"https:\/\/mariedelage.com\/adultos\/#primaryimage","url":"https:\/\/mariedelage.com\/wp-content\/uploads\/2022\/06\/00c56ff0-695c-412d-ac05-cf7b028d26cc-1024x768.jpg","contentUrl":"https:\/\/mariedelage.com\/wp-content\/uploads\/2022\/06\/00c56ff0-695c-412d-ac05-cf7b028d26cc-1024x768.jpg"},{"@type":"BreadcrumbList","@id":"https:\/\/mariedelage.com\/adultos\/#breadcrumb","itemListElement":[{"@type":"ListItem","position":1,"name":"Portada","item":"https:\/\/mariedelage.com\/"},{"@type":"ListItem","position":2,"name":"Adultes"}]},{"@type":"WebSite","@id":"https:\/\/mariedelage.com\/#website","url":"https:\/\/mariedelage.com\/","name":"Marie Delage - Osteopat\u00eda","description":"Consulta de Osteopat\u00eda en Barcelona","publisher":{"@id":"https:\/\/mariedelage.com\/#organization"},"potentialAction":[{"@type":"SearchAction","target":{"@type":"EntryPoint","urlTemplate":"https:\/\/mariedelage.com\/?s={search_term_string}"},"query-input":{"@type":"PropertyValueSpecification","valueRequired":true,"valueName":"search_term_string"}}],"inLanguage":"fr-FR"},{"@type":"Organization","@id":"https:\/\/mariedelage.com\/#organization","name":"Marie Delage - Osteopat\u00eda","url":"https:\/\/mariedelage.com\/","logo":{"@type":"ImageObject","inLanguage":"fr-FR","@id":"https:\/\/mariedelage.com\/#\/schema\/logo\/image\/","url":"https:\/\/mariedelage.com\/wp-content\/uploads\/2022\/06\/logo-marie-delage-1.png","contentUrl":"https:\/\/mariedelage.com\/wp-content\/uploads\/2022\/06\/logo-marie-delage-1.png","width":691,"height":132,"caption":"Marie Delage - Osteopat\u00eda"},"image":{"@id":"https:\/\/mariedelage.com\/#\/schema\/logo\/image\/"}}]}},"_links":{"self":[{"href":"https:\/\/mariedelage.com\/fr\/wp-json\/wp\/v2\/pages\/21361","targetHints":{"allow":["GET"]}}],"collection":[{"href":"https:\/\/mariedelage.com\/fr\/wp-json\/wp\/v2\/pages"}],"about":[{"href":"https:\/\/mariedelage.com\/fr\/wp-json\/wp\/v2\/types\/page"}],"author":[{"embeddable":true,"href":"https:\/\/mariedelage.com\/fr\/wp-json\/wp\/v2\/users\/1"}],"replies":[{"embeddable":true,"href":"https:\/\/mariedelage.com\/fr\/wp-json\/wp\/v2\/comments?post=21361"}],"version-history":[{"count":1,"href":"https:\/\/mariedelage.com\/fr\/wp-json\/wp\/v2\/pages\/21361\/revisions"}],"predecessor-version":[{"id":21362,"href":"https:\/\/mariedelage.com\/fr\/wp-json\/wp\/v2\/pages\/21361\/revisions\/21362"}],"wp:attachment":[{"href":"https:\/\/mariedelage.com\/fr\/wp-json\/wp\/v2\/media?parent=21361"}],"curies":[{"name":"wp","href":"https:\/\/api.w.org\/{rel}","templated":true}]}}