{"id":21363,"date":"2022-06-03T19:29:36","date_gmt":"2022-06-03T19:29:36","guid":{"rendered":"https:\/\/mariedelage.com\/bebes\/"},"modified":"2022-07-28T09:43:46","modified_gmt":"2022-07-28T09:43:46","slug":"bebes","status":"publish","type":"page","link":"https:\/\/mariedelage.com\/fr\/bebes\/","title":{"rendered":"B\u00e9b\u00e9s"},"content":{"rendered":"\t\t<div data-elementor-type=\"wp-page\" data-elementor-id=\"21363\" class=\"elementor elementor-21363 elementor-20656\">\n\t\t\t\t\t\t<section class=\"elementor-section elementor-top-section elementor-element elementor-element-f2c763c elementor-section-boxed elementor-section-height-default elementor-section-height-default sc_fly_static\" data-id=\"f2c763c\" data-element_type=\"section\" data-e-type=\"section\">\n\t\t\t\t\t\t<div class=\"elementor-container elementor-column-gap-extended\">\n\t\t\t\t\t<div class=\"elementor-column elementor-col-100 elementor-top-column elementor-element elementor-element-a58f563 sc_content_align_inherit sc_layouts_column_icons_position_left sc_fly_static\" data-id=\"a58f563\" data-element_type=\"column\" data-e-type=\"column\">\n\t\t\t<div class=\"elementor-widget-wrap elementor-element-populated\">\n\t\t\t\t\t\t<div class=\"elementor-element elementor-element-a7b7a66 sc_fly_static elementor-widget elementor-widget-trx_sc_title\" data-id=\"a7b7a66\" data-element_type=\"widget\" data-e-type=\"widget\" data-widget_type=\"trx_sc_title.default\">\n\t\t\t\t<div class=\"elementor-widget-container\">\n\t\t\t\t\t<div\t\tclass=\"sc_title sc_title_accent\" ><h1 class=\"sc_item_title sc_title_title sc_align_center sc_item_title_style_accent sc_item_title_tag\"\n\t\t\t><span class=\"sc_item_title_text\">Ost\u00e9opathie pour les b\u00e9b\u00e9s<\/span><\/h1><div class=\"sc_item_descr sc_title_descr sc_align_center\"><p>L'ost\u00e9opathie,en particulier cr\u00e2nienne, s'adapte tr\u00e8s bien \u00e0 la physiologie des b\u00e9b\u00e9s. On peut consulter d\u00e8s le premier jour de vie, car les techniques utilis\u00e9es sont tr\u00e8s douces et respectueuses des tissus du b\u00e9b\u00e9.<\/p>\n<p>Le corps du b\u00e9b\u00e9 a une grande capacit\u00e9 d'adaptation et les tensions v\u00e9cues pendant la p\u00e9riode in utero et l'accouchement peuvent se r\u00e9percuter \u00e0 la naissance.<\/p>\n<\/div><\/div>\t\t\t\t<\/div>\n\t\t\t\t<\/div>\n\t\t\t\t<section class=\"elementor-section elementor-inner-section elementor-element elementor-element-11bcb88 elementor-section-boxed elementor-section-height-default elementor-section-height-default sc_fly_static\" data-id=\"11bcb88\" data-element_type=\"section\" data-e-type=\"section\">\n\t\t\t\t\t\t<div class=\"elementor-container elementor-column-gap-extended\">\n\t\t\t\t\t<div class=\"elementor-column elementor-col-50 elementor-inner-column elementor-element elementor-element-a950fc3 sc_content_align_inherit sc_layouts_column_icons_position_left sc_fly_static\" data-id=\"a950fc3\" data-element_type=\"column\" data-e-type=\"column\">\n\t\t\t<div class=\"elementor-widget-wrap elementor-element-populated\">\n\t\t\t\t\t\t<div class=\"elementor-element elementor-element-7197ad9 sc_fly_static elementor-widget elementor-widget-spacer\" data-id=\"7197ad9\" data-element_type=\"widget\" data-e-type=\"widget\" data-widget_type=\"spacer.default\">\n\t\t\t\t<div class=\"elementor-widget-container\">\n\t\t\t\t\t\t\t<div class=\"elementor-spacer\">\n\t\t\t<div class=\"elementor-spacer-inner\"><\/div>\n\t\t<\/div>\n\t\t\t\t\t\t<\/div>\n\t\t\t\t<\/div>\n\t\t\t\t<div class=\"elementor-element elementor-element-88e7c0a sc_fly_static elementor-widget elementor-widget-image\" data-id=\"88e7c0a\" data-element_type=\"widget\" data-e-type=\"widget\" data-widget_type=\"image.default\">\n\t\t\t\t<div class=\"elementor-widget-container\">\n\t\t\t\t\t\t\t\t\t\t\t\t\t\t\t<img fetchpriority=\"high\" decoding=\"async\" width=\"768\" height=\"1024\" src=\"https:\/\/mariedelage.com\/wp-content\/uploads\/2022\/06\/WhatsApp-Image-2022-06-05-at-5.36.45-PM-1-768x1024.jpeg\" class=\"attachment-large size-large wp-image-21143\" alt=\"Beb\u00e9 relejado durante valoraci\u00f3n de osteopat\u00eda infantil para mejorar bienestar digestivo\" srcset=\"https:\/\/mariedelage.com\/wp-content\/uploads\/2022\/06\/WhatsApp-Image-2022-06-05-at-5.36.45-PM-1-768x1024.jpeg 768w, https:\/\/mariedelage.com\/wp-content\/uploads\/2022\/06\/WhatsApp-Image-2022-06-05-at-5.36.45-PM-1-225x300.jpeg 225w, https:\/\/mariedelage.com\/wp-content\/uploads\/2022\/06\/WhatsApp-Image-2022-06-05-at-5.36.45-PM-1-1152x1536.jpeg 1152w, https:\/\/mariedelage.com\/wp-content\/uploads\/2022\/06\/WhatsApp-Image-2022-06-05-at-5.36.45-PM-1-370x493.jpeg 370w, https:\/\/mariedelage.com\/wp-content\/uploads\/2022\/06\/WhatsApp-Image-2022-06-05-at-5.36.45-PM-1-840x1120.jpeg 840w, https:\/\/mariedelage.com\/wp-content\/uploads\/2022\/06\/WhatsApp-Image-2022-06-05-at-5.36.45-PM-1-410x547.jpeg 410w, https:\/\/mariedelage.com\/wp-content\/uploads\/2022\/06\/WhatsApp-Image-2022-06-05-at-5.36.45-PM-1.jpeg 1536w\" sizes=\"(max-width: 768px) 100vw, 768px\" \/>\t\t\t\t\t\t\t\t\t\t\t\t\t\t\t<\/div>\n\t\t\t\t<\/div>\n\t\t\t\t\t<\/div>\n\t\t<\/div>\n\t\t\t\t<div class=\"elementor-column elementor-col-50 elementor-inner-column elementor-element elementor-element-506253d sc_content_align_inherit sc_layouts_column_icons_position_left sc_fly_static\" data-id=\"506253d\" data-element_type=\"column\" data-e-type=\"column\">\n\t\t\t<div class=\"elementor-widget-wrap elementor-element-populated\">\n\t\t\t\t\t\t<div class=\"elementor-element elementor-element-50d8e35 sc_fly_static elementor-widget elementor-widget-spacer\" data-id=\"50d8e35\" data-element_type=\"widget\" data-e-type=\"widget\" data-widget_type=\"spacer.default\">\n\t\t\t\t<div class=\"elementor-widget-container\">\n\t\t\t\t\t\t\t<div class=\"elementor-spacer\">\n\t\t\t<div class=\"elementor-spacer-inner\"><\/div>\n\t\t<\/div>\n\t\t\t\t\t\t<\/div>\n\t\t\t\t<\/div>\n\t\t\t\t<div class=\"elementor-element elementor-element-2ae8ba0 sc_fly_static elementor-widget elementor-widget-text-editor\" data-id=\"2ae8ba0\" data-element_type=\"widget\" data-e-type=\"widget\" data-widget_type=\"text-editor.default\">\n\t\t\t\t<div class=\"elementor-widget-container\">\n\t\t\t\t\t\t\t\t\t<h3>Quand consulter?<\/h3><ul><li>Accouchement compliqu\u00e9, trop long ou trop rapide, c\u00e9sarienne, utilisation de forceps ou de ventouses&#8230;<\/li><li>B\u00e9b\u00e9 irritable, pleurant de fa\u00e7on inconsolable, montrant des signes de douleur ou d&rsquo;inconfort (rougit, se cambre, serre les poings)<\/li><li>Asym\u00e9trie de la posture du b\u00e9b\u00e9 au repos (tendance \u00e0 toujours tourner la t\u00eate du m\u00eame c\u00f4t\u00e9, position cambr\u00e9e d&rsquo;un c\u00f4t\u00e9, asym\u00e9trie de la position des bras ou jambes<\/li><li>B\u00e9b\u00e9 montrant une g\u00eane dans certaines positions (n&rsquo;aime pas \u00eatre sur le ventre, sur le dos, dans un porte-b\u00e9b\u00e9, pleurant quand on l&rsquo;habille ou lui change la couche&#8230;)<\/li><li>Plagioc\u00e9phalie (d\u00e9fornation de la t\u00eate du b\u00e9b\u00e9) ppar example une t\u00eate \u00ab\u00a0pointue\u00a0\u00bb, asym\u00e9trique, un \u0153il plus ferm\u00e9 que l&rsquo;autre, une oreille plus haute que l&rsquo;autre, rotation de la t\u00eate du m\u00eame c\u00f4t\u00e9, usure des cheveux derri\u00e8re la t\u00eate de mani\u00e8re asym\u00e9trique.. .)<\/li><\/ul><ul><li>Troubles digestifs (r\u00e9gurgitations, constipation, vomissements)<\/li><li>Troubles respiratoires (respiration bruyante, exc\u00e8s de mucosit\u00e9s)<\/li><li>S\u00e9cr\u00e9tions excessives des yeux (paupi\u00e8res coll\u00e9es par les s\u00e9cr\u00e9tions au r\u00e9veil)<\/li><li>Otites r\u00e9currentes<\/li><\/ul>\t\t\t\t\t\t\t\t<\/div>\n\t\t\t\t<\/div>\n\t\t\t\t\t<\/div>\n\t\t<\/div>\n\t\t\t\t\t<\/div>\n\t\t<\/section>\n\t\t\t\t\t<\/div>\n\t\t<\/div>\n\t\t\t\t\t<\/div>\n\t\t<\/section>\n\t\t\t\t<\/div>\n\t\t","protected":false},"excerpt":{"rendered":"<p>Ost\u00e9opathie pour les b\u00e9b\u00e9s L&rsquo;ost\u00e9opathie,en particulier cr\u00e2nienne, s&rsquo;adapte tr\u00e8s bien \u00e0 la physiologie des b\u00e9b\u00e9s. On peut consulter d\u00e8s le premier jour de vie, car les techniques utilis\u00e9es sont tr\u00e8s&hellip;<\/p>\n","protected":false},"author":1,"featured_media":0,"parent":0,"menu_order":0,"comment_status":"closed","ping_status":"closed","template":"","meta":{"footnotes":""},"class_list":["post-21363","page","type-page","status-publish","hentry"],"yoast_head":"<!-- This site is optimized with the Yoast SEO plugin v27.4 - https:\/\/yoast.com\/product\/yoast-seo-wordpress\/ -->\n<title>B\u00e9b\u00e9s - Marie Delage - Osteopat\u00eda<\/title>\n<meta name=\"robots\" content=\"index, follow, max-snippet:-1, max-image-preview:large, max-video-preview:-1\" \/>\n<link rel=\"canonical\" href=\"https:\/\/mariedelage.com\/bebes\/\" \/>\n<meta property=\"og:locale\" content=\"fr_FR\" \/>\n<meta property=\"og:type\" content=\"article\" \/>\n<meta property=\"og:title\" content=\"B\u00e9b\u00e9s - Marie Delage - Osteopat\u00eda\" \/>\n<meta property=\"og:description\" content=\"Ost\u00e9opathie pour les b\u00e9b\u00e9s L&rsquo;ost\u00e9opathie,en particulier cr\u00e2nienne, s&rsquo;adapte tr\u00e8s bien \u00e0 la physiologie des b\u00e9b\u00e9s. On peut consulter d\u00e8s le premier jour de vie, car les techniques utilis\u00e9es sont tr\u00e8s&hellip;\" \/>\n<meta property=\"og:url\" content=\"https:\/\/mariedelage.com\/bebes\/\" \/>\n<meta property=\"og:site_name\" content=\"Marie Delage - Osteopat\u00eda\" \/>\n<meta property=\"article:modified_time\" content=\"2022-07-28T09:43:46+00:00\" \/>\n<meta property=\"og:image\" content=\"https:\/\/mariedelage.com\/wp-content\/uploads\/2022\/06\/WhatsApp-Image-2022-06-05-at-5.36.45-PM-1.jpeg\" \/>\n\t<meta property=\"og:image:width\" content=\"1536\" \/>\n\t<meta property=\"og:image:height\" content=\"2048\" \/>\n\t<meta property=\"og:image:type\" content=\"image\/jpeg\" \/>\n<meta name=\"twitter:card\" content=\"summary_large_image\" \/>\n<meta name=\"twitter:label1\" content=\"Dur\u00e9e de lecture estim\u00e9e\" \/>\n\t<meta name=\"twitter:data1\" content=\"1 minute\" \/>\n<script type=\"application\/ld+json\" class=\"yoast-schema-graph\">{\"@context\":\"https:\\\/\\\/schema.org\",\"@graph\":[{\"@type\":\"WebPage\",\"@id\":\"https:\\\/\\\/mariedelage.com\\\/bebes\\\/\",\"url\":\"https:\\\/\\\/mariedelage.com\\\/bebes\\\/\",\"name\":\"B\u00e9b\u00e9s - Marie Delage - Osteopat\u00eda\",\"isPartOf\":{\"@id\":\"https:\\\/\\\/mariedelage.com\\\/#website\"},\"primaryImageOfPage\":{\"@id\":\"https:\\\/\\\/mariedelage.com\\\/bebes\\\/#primaryimage\"},\"image\":{\"@id\":\"https:\\\/\\\/mariedelage.com\\\/bebes\\\/#primaryimage\"},\"thumbnailUrl\":\"https:\\\/\\\/mariedelage.com\\\/wp-content\\\/uploads\\\/2022\\\/06\\\/WhatsApp-Image-2022-06-05-at-5.36.45-PM-1-768x1024.jpeg\",\"datePublished\":\"2022-06-03T19:29:36+00:00\",\"dateModified\":\"2022-07-28T09:43:46+00:00\",\"breadcrumb\":{\"@id\":\"https:\\\/\\\/mariedelage.com\\\/bebes\\\/#breadcrumb\"},\"inLanguage\":\"fr-FR\",\"potentialAction\":[{\"@type\":\"ReadAction\",\"target\":[\"https:\\\/\\\/mariedelage.com\\\/bebes\\\/\"]}]},{\"@type\":\"ImageObject\",\"inLanguage\":\"fr-FR\",\"@id\":\"https:\\\/\\\/mariedelage.com\\\/bebes\\\/#primaryimage\",\"url\":\"https:\\\/\\\/mariedelage.com\\\/wp-content\\\/uploads\\\/2022\\\/06\\\/WhatsApp-Image-2022-06-05-at-5.36.45-PM-1-768x1024.jpeg\",\"contentUrl\":\"https:\\\/\\\/mariedelage.com\\\/wp-content\\\/uploads\\\/2022\\\/06\\\/WhatsApp-Image-2022-06-05-at-5.36.45-PM-1-768x1024.jpeg\"},{\"@type\":\"BreadcrumbList\",\"@id\":\"https:\\\/\\\/mariedelage.com\\\/bebes\\\/#breadcrumb\",\"itemListElement\":[{\"@type\":\"ListItem\",\"position\":1,\"name\":\"Portada\",\"item\":\"https:\\\/\\\/mariedelage.com\\\/\"},{\"@type\":\"ListItem\",\"position\":2,\"name\":\"B\u00e9b\u00e9s\"}]},{\"@type\":\"WebSite\",\"@id\":\"https:\\\/\\\/mariedelage.com\\\/#website\",\"url\":\"https:\\\/\\\/mariedelage.com\\\/\",\"name\":\"Marie Delage - Osteopat\u00eda\",\"description\":\"Consulta de Osteopat\u00eda en Barcelona\",\"publisher\":{\"@id\":\"https:\\\/\\\/mariedelage.com\\\/#organization\"},\"potentialAction\":[{\"@type\":\"SearchAction\",\"target\":{\"@type\":\"EntryPoint\",\"urlTemplate\":\"https:\\\/\\\/mariedelage.com\\\/?s={search_term_string}\"},\"query-input\":{\"@type\":\"PropertyValueSpecification\",\"valueRequired\":true,\"valueName\":\"search_term_string\"}}],\"inLanguage\":\"fr-FR\"},{\"@type\":\"Organization\",\"@id\":\"https:\\\/\\\/mariedelage.com\\\/#organization\",\"name\":\"Marie Delage - Osteopat\u00eda\",\"url\":\"https:\\\/\\\/mariedelage.com\\\/\",\"logo\":{\"@type\":\"ImageObject\",\"inLanguage\":\"fr-FR\",\"@id\":\"https:\\\/\\\/mariedelage.com\\\/#\\\/schema\\\/logo\\\/image\\\/\",\"url\":\"https:\\\/\\\/mariedelage.com\\\/wp-content\\\/uploads\\\/2022\\\/06\\\/logo-marie-delage-1.png\",\"contentUrl\":\"https:\\\/\\\/mariedelage.com\\\/wp-content\\\/uploads\\\/2022\\\/06\\\/logo-marie-delage-1.png\",\"width\":691,\"height\":132,\"caption\":\"Marie Delage - Osteopat\u00eda\"},\"image\":{\"@id\":\"https:\\\/\\\/mariedelage.com\\\/#\\\/schema\\\/logo\\\/image\\\/\"}}]}<\/script>\n<!-- \/ Yoast SEO plugin. -->","yoast_head_json":{"title":"B\u00e9b\u00e9s - Marie Delage - Osteopat\u00eda","robots":{"index":"index","follow":"follow","max-snippet":"max-snippet:-1","max-image-preview":"max-image-preview:large","max-video-preview":"max-video-preview:-1"},"canonical":"https:\/\/mariedelage.com\/bebes\/","og_locale":"fr_FR","og_type":"article","og_title":"B\u00e9b\u00e9s - Marie Delage - Osteopat\u00eda","og_description":"Ost\u00e9opathie pour les b\u00e9b\u00e9s L&rsquo;ost\u00e9opathie,en particulier cr\u00e2nienne, s&rsquo;adapte tr\u00e8s bien \u00e0 la physiologie des b\u00e9b\u00e9s. On peut consulter d\u00e8s le premier jour de vie, car les techniques utilis\u00e9es sont tr\u00e8s&hellip;","og_url":"https:\/\/mariedelage.com\/bebes\/","og_site_name":"Marie Delage - Osteopat\u00eda","article_modified_time":"2022-07-28T09:43:46+00:00","og_image":[{"width":1536,"height":2048,"url":"https:\/\/mariedelage.com\/wp-content\/uploads\/2022\/06\/WhatsApp-Image-2022-06-05-at-5.36.45-PM-1.jpeg","type":"image\/jpeg"}],"twitter_card":"summary_large_image","twitter_misc":{"Dur\u00e9e de lecture estim\u00e9e":"1 minute"},"schema":{"@context":"https:\/\/schema.org","@graph":[{"@type":"WebPage","@id":"https:\/\/mariedelage.com\/bebes\/","url":"https:\/\/mariedelage.com\/bebes\/","name":"B\u00e9b\u00e9s - Marie Delage - Osteopat\u00eda","isPartOf":{"@id":"https:\/\/mariedelage.com\/#website"},"primaryImageOfPage":{"@id":"https:\/\/mariedelage.com\/bebes\/#primaryimage"},"image":{"@id":"https:\/\/mariedelage.com\/bebes\/#primaryimage"},"thumbnailUrl":"https:\/\/mariedelage.com\/wp-content\/uploads\/2022\/06\/WhatsApp-Image-2022-06-05-at-5.36.45-PM-1-768x1024.jpeg","datePublished":"2022-06-03T19:29:36+00:00","dateModified":"2022-07-28T09:43:46+00:00","breadcrumb":{"@id":"https:\/\/mariedelage.com\/bebes\/#breadcrumb"},"inLanguage":"fr-FR","potentialAction":[{"@type":"ReadAction","target":["https:\/\/mariedelage.com\/bebes\/"]}]},{"@type":"ImageObject","inLanguage":"fr-FR","@id":"https:\/\/mariedelage.com\/bebes\/#primaryimage","url":"https:\/\/mariedelage.com\/wp-content\/uploads\/2022\/06\/WhatsApp-Image-2022-06-05-at-5.36.45-PM-1-768x1024.jpeg","contentUrl":"https:\/\/mariedelage.com\/wp-content\/uploads\/2022\/06\/WhatsApp-Image-2022-06-05-at-5.36.45-PM-1-768x1024.jpeg"},{"@type":"BreadcrumbList","@id":"https:\/\/mariedelage.com\/bebes\/#breadcrumb","itemListElement":[{"@type":"ListItem","position":1,"name":"Portada","item":"https:\/\/mariedelage.com\/"},{"@type":"ListItem","position":2,"name":"B\u00e9b\u00e9s"}]},{"@type":"WebSite","@id":"https:\/\/mariedelage.com\/#website","url":"https:\/\/mariedelage.com\/","name":"Marie Delage - Osteopat\u00eda","description":"Consulta de Osteopat\u00eda en Barcelona","publisher":{"@id":"https:\/\/mariedelage.com\/#organization"},"potentialAction":[{"@type":"SearchAction","target":{"@type":"EntryPoint","urlTemplate":"https:\/\/mariedelage.com\/?s={search_term_string}"},"query-input":{"@type":"PropertyValueSpecification","valueRequired":true,"valueName":"search_term_string"}}],"inLanguage":"fr-FR"},{"@type":"Organization","@id":"https:\/\/mariedelage.com\/#organization","name":"Marie Delage - Osteopat\u00eda","url":"https:\/\/mariedelage.com\/","logo":{"@type":"ImageObject","inLanguage":"fr-FR","@id":"https:\/\/mariedelage.com\/#\/schema\/logo\/image\/","url":"https:\/\/mariedelage.com\/wp-content\/uploads\/2022\/06\/logo-marie-delage-1.png","contentUrl":"https:\/\/mariedelage.com\/wp-content\/uploads\/2022\/06\/logo-marie-delage-1.png","width":691,"height":132,"caption":"Marie Delage - Osteopat\u00eda"},"image":{"@id":"https:\/\/mariedelage.com\/#\/schema\/logo\/image\/"}}]}},"_links":{"self":[{"href":"https:\/\/mariedelage.com\/fr\/wp-json\/wp\/v2\/pages\/21363","targetHints":{"allow":["GET"]}}],"collection":[{"href":"https:\/\/mariedelage.com\/fr\/wp-json\/wp\/v2\/pages"}],"about":[{"href":"https:\/\/mariedelage.com\/fr\/wp-json\/wp\/v2\/types\/page"}],"author":[{"embeddable":true,"href":"https:\/\/mariedelage.com\/fr\/wp-json\/wp\/v2\/users\/1"}],"replies":[{"embeddable":true,"href":"https:\/\/mariedelage.com\/fr\/wp-json\/wp\/v2\/comments?post=21363"}],"version-history":[{"count":1,"href":"https:\/\/mariedelage.com\/fr\/wp-json\/wp\/v2\/pages\/21363\/revisions"}],"predecessor-version":[{"id":21364,"href":"https:\/\/mariedelage.com\/fr\/wp-json\/wp\/v2\/pages\/21363\/revisions\/21364"}],"wp:attachment":[{"href":"https:\/\/mariedelage.com\/fr\/wp-json\/wp\/v2\/media?parent=21363"}],"curies":[{"name":"wp","href":"https:\/\/api.w.org\/{rel}","templated":true}]}}